{"id":17790,"date":"2022-06-07T12:21:38","date_gmt":"2022-06-07T12:21:38","guid":{"rendered":"https:\/\/ajaazores.com\/termos-e-condicoes\/"},"modified":"2023-03-20T15:54:59","modified_gmt":"2023-03-20T15:54:59","slug":"termini-e-condizioni","status":"publish","type":"page","link":"https:\/\/ajaazores.com\/it\/termini-e-condizioni\/","title":{"rendered":"Termini e Condizioni"},"content":{"rendered":"<h1 style=\"font-weight: 400;\">Termini e Condizioni<\/h1>\n<ol>\n<li style=\"font-weight: 400;\"><strong>Condizioni Generali<\/strong><br \/>\n1.1. La societ\u00e0 Aja Azores, Ant\u00f3nio Jos\u00e9 Alves, S.U. Lda (gruppo Alves &amp; Alves), con sede a Rua Estr. del Red Gates N\u00ba1, 9560-350 Lagoa, persona giuridica n\u00b3 512094578, \u00e8 responsabile per il sito ajaazores.com (di seguito &#8220;sito web&#8221;).<\/p>\n<p>1.2. L&#8217;utente accetta e agisce in conformit\u00e0 con i Termini e le Condizioni d&#8217;uso qui descritti, nonch\u00e9 con tutte le sue future modifiche, utilizzando il servizio fornito da Aja Azores, Ant\u00f3nio Jos\u00e9 Alves, S.U. Lda (Grupo Alves &amp; Alves) su questo sito.<\/p>\n<p>1.3 Nei termini e condizioni qui menzionati, ogni volta che vengono utilizzati i termini &#8220;noi&#8221; o &#8220;nostro&#8221; ci riferiamo ad Aja Azzorre, Ant\u00f3nio Jos\u00e9 Alves, S.U. Lda (Grupo Alves &amp; Alves) o ajaazores.com. Ogni volta che usiamo &#8220;tu&#8221; o &#8220;tuo&#8221;, ci riferiamo a chiunque usi ajaazores.com.<\/li>\n<\/ol>\n<p>1.4. Accedendo e utilizzando questo sito Web, l&#8217;utente \u00e8 soggetto ai seguenti Termini e condizioni nonch\u00e9 alla nostra Informativa sulla privacy. Navigando sul sito web, l&#8217;utente accetta di rispettare i presenti Termini e condizioni e l&#8217;Informativa sulla privacy. Se non si \u00e8 d&#8217;accordo con il suo contenuto, l&#8217;utente non \u00e8 autorizzato ad accedere e utilizzare il sito web, e deve interrompere l&#8217;accesso e\/ o utilizzare immediatamente.<\/p>\n<p>1.5. Dovresti leggere attentamente i Termini e le Condizioni ogni volta che accedi al sito.<\/p>\n<p>1.6. In caso di violazione di uno qualsiasi dei termini inclusi nel presente documento, il diritto di accedere e utilizzare questo sito web sar\u00e0 immediatamente revocato.<\/p>\n<p>1.7. Il contenuto di questo sito web \u00e8 protetto da copyright ed \u00e8 di propriet\u00e0 di Aja Azores, Ant\u00f3nio Jos\u00e9 Alves, S.U. Lda (Grupo Alves &amp; Alves) Non \u00e8 consentito utilizzarlo in alcun modo senza il nostro consenso.<\/p>\n<ol start=\"2\">\n<li style=\"font-weight: 400;\"><strong>Bilancio<\/strong><br \/>\n2.1. Qualsiasi offerta inviata \u00e8 valida per 30 giorni a decorrere dalla data di spedizione e pu\u00f2 essere oggetto di riesame dopo tale periodo.<\/p>\n<p>2.2. In caso di errore nel bilancio inviato, Aja Azores, Ant\u00f3nio Jos\u00e9 Alves, S.U. Lda (gruppo Alves &amp; Alves) si riserva il diritto, durante la sua validit\u00e0 (30 giorni), di rettificarlo.<\/p>\n<p>2.3. Qualsiasi modifica su richiesta, servizio o spesa del cliente che non sia stata espressa nel bilancio iniziale, ha un costo aggiuntivo.<\/li>\n<\/ol>\n<ol start=\"3\">\n<li style=\"font-weight: 400;\"><strong>Copyright, propriet\u00e0 e copyright<\/strong><br \/>\n3.1. Tutti i contenuti di questo sito web, inclusi testi, disegni, illustrazioni, loghi, video, audio, fotografie e altri elementi, sono protetti dalla legge ai sensi del Codice del Copyright e dei Diritti Connessi. Non \u00e8 consentito visualizzare, riprodurre, distribuire, modificare, trasmettere o utilizzare i contenuti in alcun modo, per scopi pubblici o commerciali, senza il nostro previo consenso scritto.<\/p>\n<p>3.2. I contenuti di questo sito web sono protetti dalla legge sulla criminalit\u00e0 informatica e sono di propriet\u00e0 di Aja Azores, Ant\u00f3nio Jos\u00e9 Alves, S.U. Lda (Grupo Alves &amp; Alves)<\/p>\n<p>3.3. I Diritti d&#8217;Autore sull&#8217;Opera sono di propriet\u00e0 del cliente solo se finalizzati, approvati e pagati per intero.<\/p>\n<p>3.4. Ci riserviamo il diritto di non fornire al cliente i file modificabili, i caratteri o altri strumenti e software necessari per la produzione delle opere.<\/li>\n<\/ol>\n<p>3.5. Aja Azores, Ant\u00f3nio Jos\u00e9 Alves, S.U. Lda (gruppo Alves &amp; Alves) si riserva il diritto di adire gli autori di qualsiasi copia, riproduzione, diffusione o sfruttamento commerciale non autorizzato di testi, disegni, illustrazioni, loghi, video, audio, fotografie e altri elementi che non sono stati trasferiti di propriet\u00e0 al cliente.<\/p>\n<p>3.6. Il cliente \u00e8 responsabile di garantire che i materiali da lui forniti per l&#8217;esecuzione delle opere non violino alcun copyright o propriet\u00e0 industriale di terzi e per eventuali danni causati ad Aja Azores, Ant\u00f3nio Jos\u00e9 Alves, S.U. Lda (Alves &amp; Alves Group)abuso dello stesso.<\/p>\n<ol start=\"4\">\n<li style=\"font-weight: 400;\"><strong>Risoluzione delle controversie online<\/strong><br \/>\nL&#8217;Unione europea ha creato un sito web per aiutare i consumatori a presentare i loro reclami in merito a qualsiasi controversia in cui siano coinvolti. In questo contesto, Aja Azores, Ant\u00f3nio Jos\u00e9 Alves, S.U. Lda (Gruppo Alves &amp; Alves) fornisce tutte le informazioni in modo che tu possa esercitare il tuo diritto di presentare reclamo a un&#8217;entit\u00e0 ufficiale, terza e imparziale al processo, (\u00abentit\u00e0 di risoluzione delle controversie\u00bb) che vi aiuter\u00e0 a risolvere la controversia in questione.<\/p>\n<p>Pertanto, se non siete soddisfatti con l&#8217;acquisto di un bene o servizio sul nostro sito web, o con la soluzione da noi presentata per risolvere la situazione, \u00e8 possibile accedere a questo sito ufficiale https:\/\/ec.europa.eu\/consumers\/odr\/main\/index.cfm&#8221;event=home2.show&amp;lngPT ed esporre la vostra obiezione.<\/p>\n<p><strong>4.1. Cos&#8217;\u00e8 la risoluzione alternativa delle controversie?<\/strong><\/li>\n<\/ol>\n<p>Risoluzione alternativa delle controversie \u00e8 la possibilit\u00e0 che tutti i consumatori hanno a loro disposizione per appellarsi e gli enti ufficiali che li aiutano nella risoluzione, o guida di qualsiasi conflitto, prima di aprire casi di contenzioso in tribunale.<\/p>\n<p>Come regola generale, la procedura \u00e8 la seguente: il cliente chiede a un terzo imparziale di intervenire come intermediario tra loro e il commerciante che \u00e8 il bersaglio del suo reclamo. L&#8217;intermediario pu\u00f2 suggerire una soluzione al tuo reclamo, imporre una soluzione a entrambe le parti o riunire le parti per trovare una soluzione.<\/p>\n<p>Si pu\u00f2 conoscere il concetto di risoluzione alternativa delle controversie con un altro nome: &#8216;mediazione&#8217;, &#8216;conciliazione&#8217;, &#8216;arbitrato&#8217; o &#8216;commissione competente nelle controversie dei consumatori&#8217;.<\/p>\n<p>La risoluzione alternativa delle controversie \u00e8 di solito meno costosa, meno formale e pi\u00f9 veloce del processo giudiziario.<\/p>\n<p style=\"font-weight: 400;\">Suggerimenti per le entit\u00e0 di risoluzione alternativa delle controversie:<\/p>\n<p style=\"font-weight: 400;\">CNIACC \u2013 Centro Nacional de Informa\u00e7\u00e3o e Arbitragem de Conflitos de Consumo<\/p>\n<p style=\"font-weight: 400;\">http:\/\/www.arbitragemdeconsumo.org\/<\/p>\n<p style=\"font-weight: 400;\">Centro de Arbitragem de Conflitos de Consumo de Lisboa<\/p>\n<p style=\"font-weight: 400;\">http:\/\/www.centroarbitragemlisboa.pt\/<\/p>\n<p style=\"font-weight: 400;\">Centro de Arbitragem de Conflitos de Consumo do Vale do Ave\/Tribunal Arbitral<\/p>\n<p style=\"font-weight: 400;\">\n<blockquote class=\"wp-embedded-content\" data-secret=\"FAJu5yFoD2\"><p><a href=\"https:\/\/www.triave.pt\/\">Home<\/a><\/p><\/blockquote>\n<p><iframe class=\"wp-embedded-content\" sandbox=\"allow-scripts\" security=\"restricted\" style=\"position: absolute; clip: rect(1px, 1px, 1px, 1px);\" title=\"&#8220;Home&#8221; &#8212; TRIAVE\" src=\"https:\/\/www.triave.pt\/embed\/#?secret=bbUnyyVUx4#?secret=FAJu5yFoD2\" data-secret=\"FAJu5yFoD2\" width=\"600\" height=\"338\" frameborder=\"0\" marginwidth=\"0\" marginheight=\"0\" scrolling=\"no\"><\/iframe><\/p>\n<p style=\"font-weight: 400;\">CIAB \u2013 Centro de Informa\u00e7\u00e3o, Media\u00e7\u00e3o e Arbitragem de Consumo (Tribunal Arbitral de Consumo)<\/p>\n<p style=\"font-weight: 400;\">http:\/\/www.ciab.pt\/pt\/<\/p>\n<p style=\"font-weight: 400;\">CIMPAS \u2013 Centro de Informa\u00e7\u00e3o, Media\u00e7\u00e3o e Provedoria de Seguros<\/p>\n<p style=\"font-weight: 400;\">https:\/\/www.cimpas.pt\/<\/p>\n<p><strong>Uso consentito\/ Attivit\u00e0 vietate<\/strong><br \/>\nL&#8217;accesso e l&#8217;uso di questo sito web \u00e8 consentito solo per funzioni personali e non commerciali, cio\u00e8 che il sito web dovrebbe essere accessibile e utilizzato solo da privati o da una societ\u00e0 che desiderano acquistare i nostri servizi\/ prodotti o societ\u00e0 per loro conto.<\/p>\n<p>Qualsiasi attivit\u00e0 da noi ritenuta inappropriata e\/o potenzialmente illegale in conformit\u00e0 con la legge applicabile a questo sito, inclusi, a titolo esemplificativo e non esaustivo:<\/p>\n<p>5.1. Danneggiare, abusare, diffamare, minacciare o molestare un&#8217;altra persona o societ\u00e0, o in un modo che invade la privacy di un&#8217;altra persona, o che \u00e8 osceno, offensivo, odioso, indecente, inappropriato, discutibile, inaccettabile, discriminatorio o dannoso.<\/p>\n<p>5.2. Azioni che possono costituire una violazione della privacy, come l&#8217;invio di informazioni private a questo sito senza il consenso della persona interessata o altri diritti legali degli individui.<\/p>\n<p>5.3. Inviare a questo sito file contenenti virus che possono causare danni alla propriet\u00e0 di Aja Azores, Ant\u00f3nio Jos\u00e9 Alves, S.U. Lda (Grupo Alves &amp; Alves) o alla propriet\u00e0 di individui o modificare o invertire l&#8217;ingegneria di qualsiasi parte del sito web.<\/p>\n<p>5.4. Utilizzare qualsiasi tipo di codice, processo, programma, robot, Internet Crawler, Spider, processore di dati, drag o screen scraping alternative ai codici di computer, di processo, di programma o di sistema.<\/p>\n<p style=\"font-weight: 400;\">5.5. L&#8217;uso del sito per scopi illegali o per qualsiasi altro scopo che possa essere considerato indegno della nostra immagine \u00e8 espressamente vietato. Usurpazione, contraffazione, sfruttamento di contenuti usurpati o contraffatti, identificazione illegittima e concorrenza sleale sono punibili penalmente.<\/p>\n<p><strong>Contenuti e garanzie<\/strong><br \/>\n6.1. Le informazioni contenute in questo sito web sono state inserite in buona fede e servono esclusivamente per informazioni generali e il loro utilizzo \u00e8 a vostro esclusivo rischio.<\/p>\n<p>6.2. Questo sito e i suoi contenuti sono forniti senza garanzie di alcun tipo, cio\u00e8 nessuna garanzia che l&#8217;accesso a questo sito sia ininterrotto o privo di errori, privo di virus o altro materiale dannoso, o che le informazioni contenute in questo sito siano complete, accurato o tempestivo.<\/p>\n<p>6.3. Aja Azores, Ant\u00f3nio Jos\u00e9 Alves, S.U. Lda (Grupo Alves &amp; Alves) si riserva il diritto di apportare modifiche e correzioni, sospendere o terminare il sito web quando ritenuto opportuno e senza preavviso.<\/p>\n<p>6.4. Aja Azores, Ant\u00f3nio Jos\u00e9 Alves, S.U. Lda (Grupo Alves &amp; Alves) non filtra n\u00e9 controlla in anticipo i contenuti trasmessi a questo sito da terzi e non \u00e8 responsabile del filtraggio o del monitoraggio di tali contenuti.<\/p>\n<p>6.5. Se notificate, Aja Azores, Ant\u00f3nio Jos\u00e9 Alves, S.U. Lda (Grupo Alves &amp; Alves) pu\u00f2 indagare su un&#8217;affermazione secondo cui il contenuto trasmesso a questo sito web viola i termini e le condizioni e pu\u00f2 determinare se le informazioni saranno rimosse da questo sito web.<\/p>\n<p>6.6. Aja Azores, Ant\u00f3nio Jos\u00e9 Alves, S.U. Lda (Grupo Alves &amp; Alves) non si assume alcuna responsabilit\u00e0 o obbligo per qualsiasi azione o contenuto trasmesso da o tra voi o da terzi all&#8217;interno o all&#8217;esterno di questo sito web.<\/p>\n<p><strong>Responsabilit\u00e0, uso e rischio<\/strong><br \/>\n7.1. L&#8217;utilizzo di questo sito web e dei contenuti in esso contenuti \u00e8 esclusivamente a vostro rischio.<\/p>\n<p>7.2. Aja Azores, Ant\u00f3nio Jos\u00e9 Alves, S.U. Lda (Grupo Alves &amp; Alves) e tutti i suoi tutori legali, amministratori, dipendenti e agenti, nonch\u00e9 qualsiasi altra parte coinvolta nella creazione, produzione, manutenzione o implementazione di questo sito web, non sar\u00e0 responsabile nei confronti dell&#8217;utente del sito per eventuali danni, lesioni o lesioni (incluse perdite di profitti e perdite morali, indirette, accidentali o consequenziali) derivanti dall&#8217;uso corretto o scorretto di questo sito e del suo contenuto, accesso al computer o al sistema informatico da parte di terzi, virus, ecc.<\/p>\n<p style=\"font-weight: 400;\">Este Site cont\u00e9m links para sites de terceiros. Estes links s\u00e3o fornecidos unicamente para a conveni\u00eancia e acessibilidade do utilizador. N\u00e3o endossamos o conte\u00fado de qualquer desses sites de terceiros e n\u00e3o somos respons\u00e1veis pelo conte\u00fado de qualquer um desses sites. O acesso e visita a qualquer um desses sites de terceiros s\u00e3o do inteiro risco do utilizador.<\/p>\n<p>&nbsp;<\/p>\n<p><strong>Giurisdizione e legge applicabile<\/strong><br \/>\nAja Azores, Ant\u00f3nio Jos\u00e9 Alves, S.U. Lda (Grupo Alves &amp; Alves) e l&#8217;utente di questo sito accettano, senza riserve, che qualsiasi controversia derivante dall&#8217;uso di questo sito sar\u00e0 disciplinata dalla legge portoghese.<\/p>\n<p>Ultimo aggiornamento: 11\/07\/2022<\/p>\n","protected":false},"excerpt":{"rendered":"<p>Termini e Condizioni Condizioni Generali 1.1. La societ\u00e0 Aja Azores, Ant\u00f3nio Jos\u00e9 Alves, S.U. Lda (gruppo Alves &amp; Alves), con sede a Rua Estr. del Red Gates N\u00ba1, 9560-350 Lagoa, persona giuridica n\u00b3 512094578, \u00e8 responsabile per il sito ajaazores.com (di seguito &#8220;sito web&#8221;). 1.2. L&#8217;utente accetta e agisce in conformit\u00e0 con i Termini e&#8230;<\/p>\n","protected":false},"author":1,"featured_media":0,"parent":0,"menu_order":0,"comment_status":"closed","ping_status":"closed","template":"","meta":[],"acf":[],"yoast_head":"<!-- This site is optimized with the Yoast SEO plugin v19.1 - https:\/\/yoast.com\/wordpress\/plugins\/seo\/ -->\n<title>Termini e Condizioni - AJA Azores<\/title>\n<meta name=\"description\" content=\"Por favor, leia os nossos termos e condi\u00e7\u00f5es de utiliza\u00e7\u00e3o do nosso website antes de usufru\u00ed-lo. Na AJA Azores pensamos em si.\" \/>\n<meta name=\"robots\" content=\"index, follow, max-snippet:-1, max-image-preview:large, max-video-preview:-1\" \/>\n<link rel=\"canonical\" href=\"https:\/\/ajaazores.com\/it\/termini-e-condizioni\/\" \/>\n<meta property=\"og:locale\" content=\"it_IT\" \/>\n<meta property=\"og:type\" content=\"article\" \/>\n<meta property=\"og:title\" content=\"Termini e Condizioni - AJA Azores\" \/>\n<meta property=\"og:description\" content=\"Por favor, leia os nossos termos e condi\u00e7\u00f5es de utiliza\u00e7\u00e3o do nosso website antes de usufru\u00ed-lo. Na AJA Azores pensamos em si.\" \/>\n<meta property=\"og:url\" content=\"https:\/\/ajaazores.com\/it\/termini-e-condizioni\/\" \/>\n<meta property=\"og:site_name\" content=\"AJA Azores\" \/>\n<meta property=\"article:modified_time\" content=\"2023-03-20T15:54:59+00:00\" \/>\n<meta name=\"twitter:card\" content=\"summary_large_image\" \/>\n<meta name=\"twitter:label1\" content=\"Tempo di lettura stimato\" \/>\n\t<meta name=\"twitter:data1\" content=\"9 minuti\" \/>\n<script type=\"application\/ld+json\" class=\"yoast-schema-graph\">{\"@context\":\"https:\/\/schema.org\",\"@graph\":[{\"@type\":\"WebSite\",\"@id\":\"https:\/\/ajaazores.com\/#website\",\"url\":\"https:\/\/ajaazores.com\/\",\"name\":\"AJA Azores\",\"description\":\"Mais um site WordPress\",\"potentialAction\":[{\"@type\":\"SearchAction\",\"target\":{\"@type\":\"EntryPoint\",\"urlTemplate\":\"https:\/\/ajaazores.com\/?s={search_term_string}\"},\"query-input\":\"required name=search_term_string\"}],\"inLanguage\":\"it-IT\"},{\"@type\":\"WebPage\",\"@id\":\"https:\/\/ajaazores.com\/it\/termini-e-condizioni\/#webpage\",\"url\":\"https:\/\/ajaazores.com\/it\/termini-e-condizioni\/\",\"name\":\"Termini e Condizioni - AJA Azores\",\"isPartOf\":{\"@id\":\"https:\/\/ajaazores.com\/#website\"},\"datePublished\":\"2022-06-07T12:21:38+00:00\",\"dateModified\":\"2023-03-20T15:54:59+00:00\",\"description\":\"Por favor, leia os nossos termos e condi\u00e7\u00f5es de utiliza\u00e7\u00e3o do nosso website antes de usufru\u00ed-lo. Na AJA Azores pensamos em si.\",\"breadcrumb\":{\"@id\":\"https:\/\/ajaazores.com\/it\/termini-e-condizioni\/#breadcrumb\"},\"inLanguage\":\"it-IT\",\"potentialAction\":[{\"@type\":\"ReadAction\",\"target\":[\"https:\/\/ajaazores.com\/it\/termini-e-condizioni\/\"]}]},{\"@type\":\"BreadcrumbList\",\"@id\":\"https:\/\/ajaazores.com\/it\/termini-e-condizioni\/#breadcrumb\",\"itemListElement\":[{\"@type\":\"ListItem\",\"position\":1,\"name\":\"Home\",\"item\":\"https:\/\/ajaazores.com\/it\/\"},{\"@type\":\"ListItem\",\"position\":2,\"name\":\"Termini e Condizioni\"}]}]}<\/script>\n<!-- \/ Yoast SEO plugin. -->","yoast_head_json":{"title":"Termini e Condizioni - AJA Azores","description":"Por favor, leia os nossos termos e condi\u00e7\u00f5es de utiliza\u00e7\u00e3o do nosso website antes de usufru\u00ed-lo. Na AJA Azores pensamos em si.","robots":{"index":"index","follow":"follow","max-snippet":"max-snippet:-1","max-image-preview":"max-image-preview:large","max-video-preview":"max-video-preview:-1"},"canonical":"https:\/\/ajaazores.com\/it\/termini-e-condizioni\/","og_locale":"it_IT","og_type":"article","og_title":"Termini e Condizioni - AJA Azores","og_description":"Por favor, leia os nossos termos e condi\u00e7\u00f5es de utiliza\u00e7\u00e3o do nosso website antes de usufru\u00ed-lo. Na AJA Azores pensamos em si.","og_url":"https:\/\/ajaazores.com\/it\/termini-e-condizioni\/","og_site_name":"AJA Azores","article_modified_time":"2023-03-20T15:54:59+00:00","twitter_card":"summary_large_image","twitter_misc":{"Tempo di lettura stimato":"9 minuti"},"schema":{"@context":"https:\/\/schema.org","@graph":[{"@type":"WebSite","@id":"https:\/\/ajaazores.com\/#website","url":"https:\/\/ajaazores.com\/","name":"AJA Azores","description":"Mais um site WordPress","potentialAction":[{"@type":"SearchAction","target":{"@type":"EntryPoint","urlTemplate":"https:\/\/ajaazores.com\/?s={search_term_string}"},"query-input":"required name=search_term_string"}],"inLanguage":"it-IT"},{"@type":"WebPage","@id":"https:\/\/ajaazores.com\/it\/termini-e-condizioni\/#webpage","url":"https:\/\/ajaazores.com\/it\/termini-e-condizioni\/","name":"Termini e Condizioni - AJA Azores","isPartOf":{"@id":"https:\/\/ajaazores.com\/#website"},"datePublished":"2022-06-07T12:21:38+00:00","dateModified":"2023-03-20T15:54:59+00:00","description":"Por favor, leia os nossos termos e condi\u00e7\u00f5es de utiliza\u00e7\u00e3o do nosso website antes de usufru\u00ed-lo. Na AJA Azores pensamos em si.","breadcrumb":{"@id":"https:\/\/ajaazores.com\/it\/termini-e-condizioni\/#breadcrumb"},"inLanguage":"it-IT","potentialAction":[{"@type":"ReadAction","target":["https:\/\/ajaazores.com\/it\/termini-e-condizioni\/"]}]},{"@type":"BreadcrumbList","@id":"https:\/\/ajaazores.com\/it\/termini-e-condizioni\/#breadcrumb","itemListElement":[{"@type":"ListItem","position":1,"name":"Home","item":"https:\/\/ajaazores.com\/it\/"},{"@type":"ListItem","position":2,"name":"Termini e Condizioni"}]}]}},"_links":{"self":[{"href":"https:\/\/ajaazores.com\/it\/wp-json\/wp\/v2\/pages\/17790"}],"collection":[{"href":"https:\/\/ajaazores.com\/it\/wp-json\/wp\/v2\/pages"}],"about":[{"href":"https:\/\/ajaazores.com\/it\/wp-json\/wp\/v2\/types\/page"}],"author":[{"embeddable":true,"href":"https:\/\/ajaazores.com\/it\/wp-json\/wp\/v2\/users\/1"}],"replies":[{"embeddable":true,"href":"https:\/\/ajaazores.com\/it\/wp-json\/wp\/v2\/comments?post=17790"}],"version-history":[{"count":3,"href":"https:\/\/ajaazores.com\/it\/wp-json\/wp\/v2\/pages\/17790\/revisions"}],"predecessor-version":[{"id":18014,"href":"https:\/\/ajaazores.com\/it\/wp-json\/wp\/v2\/pages\/17790\/revisions\/18014"}],"wp:attachment":[{"href":"https:\/\/ajaazores.com\/it\/wp-json\/wp\/v2\/media?parent=17790"}],"curies":[{"name":"wp","href":"https:\/\/api.w.org\/{rel}","templated":true}]}}