{"id":17784,"date":"2022-03-30T08:31:26","date_gmt":"2022-03-30T08:31:26","guid":{"rendered":"https:\/\/ajaazores.com\/portfolio\/"},"modified":"2023-03-20T15:35:10","modified_gmt":"2023-03-20T15:35:10","slug":"portafoglio","status":"publish","type":"page","link":"https:\/\/ajaazores.com\/it\/portafoglio\/","title":{"rendered":"Portafoglio"},"content":{"rendered":"\t\t<div data-elementor-type=\"wp-page\" data-elementor-id=\"17784\" class=\"elementor elementor-17784 elementor-7836\">\n\t\t\t\t\t\t\t\t\t<section class=\"elementor-section elementor-top-section elementor-element elementor-element-b0b0c94 elementor-section-stretched elementor-section-boxed elementor-section-height-default elementor-section-height-default\" data-id=\"b0b0c94\" data-element_type=\"section\" data-settings=\"{&quot;stretch_section&quot;:&quot;section-stretched&quot;,&quot;background_background&quot;:&quot;classic&quot;}\">\n\t\t\t\t\t\t<div class=\"elementor-container elementor-column-gap-default\">\n\t\t\t\t\t<div class=\"elementor-column elementor-col-33 elementor-top-column elementor-element elementor-element-d13a324 elementor-hidden-mobile\" data-id=\"d13a324\" data-element_type=\"column\">\n\t\t\t<div class=\"elementor-widget-wrap\">\n\t\t\t\t\t\t\t\t\t<\/div>\n\t\t<\/div>\n\t\t\t\t<div class=\"elementor-column elementor-col-33 elementor-top-column elementor-element elementor-element-819f28e\" data-id=\"819f28e\" data-element_type=\"column\">\n\t\t\t<div class=\"elementor-widget-wrap elementor-element-populated\">\n\t\t\t\t\t\t\t\t<div class=\"elementor-element elementor-element-9377769 elementor-widget elementor-widget-rs-heading\" data-id=\"9377769\" data-element_type=\"widget\" data-widget_type=\"rs-heading.default\">\n\t\t\t\t<div class=\"elementor-widget-container\">\n\t\t\t\n        <div class=\"prelements-heading style4 animate- center\">\n\n\n\n        \t<div class=\"title-inner\">        \t\t      \t\t\n\t            <h1 class=\"title\"><span class=\"watermark\"><\/span>Gallery<\/h1><span class=\"sub-text\">Excepteur sint occaecat cupidatat non proident, sunt in coulpa qui official modeserunt mollit anim id est 20 years experience.<\/span>\t\t\t\t\n\t\t\t\t\t        <\/div>\n\t                <\/div>\n        \t\t<\/div>\n\t\t\t\t<\/div>\n\t\t\t\t<div class=\"elementor-element elementor-element-82aa54a elementor-widget elementor-widget-rs-breadcrumb\" data-id=\"82aa54a\" data-element_type=\"widget\" data-widget_type=\"rs-breadcrumb.default\">\n\t\t\t\t<div class=\"elementor-widget-container\">\n\t\t\t                    <div class=\"breadcrumb-area style2\"> \n                <div class=\"breadcrumbs-inner\"> <!-- Breadcrumb NavXT 7.0.2 -->\n<span property=\"itemListElement\" typeof=\"ListItem\"><a property=\"item\" typeof=\"WebPage\" title=\"Vai a AJA Azores.\" href=\"https:\/\/ajaazores.com\/it\/\" class=\"home\" ><span property=\"name\">AJA Azores<\/span><\/a><meta property=\"position\" content=\"1\"><\/span> &gt; <span property=\"itemListElement\" typeof=\"ListItem\"><a property=\"item\" typeof=\"WebPage\" title=\"Vai a Officina.\" href=\"https:\/\/ajaazores.com\/it\/officina-attrezzature-industriali\/\" class=\"post-root post post-post\" aria-current=\"page\"><span property=\"name\">Officina<\/span><\/a><meta property=\"position\" content=\"2\"><\/span><\/div>\n            <\/div> \n          \n    \t\t<\/div>\n\t\t\t\t<\/div>\n\t\t\t\t\t<\/div>\n\t\t<\/div>\n\t\t\t\t<div class=\"elementor-column elementor-col-33 elementor-top-column elementor-element elementor-element-9b70170 elementor-hidden-mobile\" data-id=\"9b70170\" data-element_type=\"column\">\n\t\t\t<div class=\"elementor-widget-wrap\">\n\t\t\t\t\t\t\t\t\t<\/div>\n\t\t<\/div>\n\t\t\t\t\t\t\t<\/div>\n\t\t<\/section>\n\t\t\t\t<section class=\"elementor-section elementor-top-section elementor-element elementor-element-23d686e elementor-section-stretched elementor-section-boxed elementor-section-height-default elementor-section-height-default\" data-id=\"23d686e\" data-element_type=\"section\" data-settings=\"{&quot;stretch_section&quot;:&quot;section-stretched&quot;}\">\n\t\t\t\t\t\t<div class=\"elementor-container elementor-column-gap-default\">\n\t\t\t\t\t<div class=\"elementor-column elementor-col-100 elementor-top-column elementor-element elementor-element-d7a3699\" data-id=\"d7a3699\" data-element_type=\"column\">\n\t\t\t<div class=\"elementor-widget-wrap elementor-element-populated\">\n\t\t\t\t\t\t\t\t<div class=\"elementor-element elementor-element-7a8eba0 gallery-spacing-custom elementor-widget elementor-widget-image-gallery\" data-id=\"7a8eba0\" data-element_type=\"widget\" data-widget_type=\"image-gallery.default\">\n\t\t\t\t<div class=\"elementor-widget-container\">\n\t\t\t<style>\/*! elementor - v3.6.5 - 27-04-2022 *\/\n.elementor-image-gallery .gallery-item{display:inline-block;text-align:center;vertical-align:top;width:100%;max-width:100%;margin:0 auto}.elementor-image-gallery .gallery-item img{margin:0 auto}.elementor-image-gallery .gallery-item .gallery-caption{margin:0}.elementor-image-gallery figure img{display:block}.elementor-image-gallery figure figcaption{width:100%}.gallery-spacing-custom .elementor-image-gallery .gallery-icon{padding:0}@media (min-width:768px){.elementor-image-gallery .gallery-columns-2 .gallery-item{max-width:50%}.elementor-image-gallery .gallery-columns-3 .gallery-item{max-width:33.33%}.elementor-image-gallery .gallery-columns-4 .gallery-item{max-width:25%}.elementor-image-gallery .gallery-columns-5 .gallery-item{max-width:20%}.elementor-image-gallery .gallery-columns-6 .gallery-item{max-width:16.666%}.elementor-image-gallery .gallery-columns-7 .gallery-item{max-width:14.28%}.elementor-image-gallery .gallery-columns-8 .gallery-item{max-width:12.5%}.elementor-image-gallery .gallery-columns-9 .gallery-item{max-width:11.11%}.elementor-image-gallery .gallery-columns-10 .gallery-item{max-width:10%}}@media (min-width:480px) and (max-width:767px){.elementor-image-gallery .gallery.gallery-columns-2 .gallery-item,.elementor-image-gallery .gallery.gallery-columns-3 .gallery-item,.elementor-image-gallery .gallery.gallery-columns-4 .gallery-item,.elementor-image-gallery .gallery.gallery-columns-5 .gallery-item,.elementor-image-gallery .gallery.gallery-columns-6 .gallery-item,.elementor-image-gallery .gallery.gallery-columns-7 .gallery-item,.elementor-image-gallery .gallery.gallery-columns-8 .gallery-item,.elementor-image-gallery .gallery.gallery-columns-9 .gallery-item,.elementor-image-gallery .gallery.gallery-columns-10 .gallery-item{max-width:50%}}@media (max-width:479px){.elementor-image-gallery .gallery.gallery-columns-2 .gallery-item,.elementor-image-gallery .gallery.gallery-columns-3 .gallery-item,.elementor-image-gallery .gallery.gallery-columns-4 .gallery-item,.elementor-image-gallery .gallery.gallery-columns-5 .gallery-item,.elementor-image-gallery .gallery.gallery-columns-6 .gallery-item,.elementor-image-gallery .gallery.gallery-columns-7 .gallery-item,.elementor-image-gallery .gallery.gallery-columns-8 .gallery-item,.elementor-image-gallery .gallery.gallery-columns-9 .gallery-item,.elementor-image-gallery .gallery.gallery-columns-10 .gallery-item{max-width:100%}}<\/style>\t\t<div class=\"elementor-image-gallery\">\n\t\t\t<div id='gallery-1' class='gallery galleryid-17784 gallery-columns-3 gallery-size-full'><figure class='gallery-item'>\n\t\t\t<div class='gallery-icon landscape'>\n\t\t\t\t<a data-elementor-open-lightbox=\"yes\" data-elementor-lightbox-slideshow=\"7a8eba0\" data-elementor-lightbox-title=\"project_1\" e-action-hash=\"#elementor-action%3Aaction%3Dlightbox%26settings%3DeyJpZCI6MTY2NDEsInVybCI6Imh0dHBzOlwvXC9hamFhem9yZXMuY29tXC93cC1jb250ZW50XC91cGxvYWRzXC8yMDIyXC8wM1wvcHJvamVjdF8xLmpwZyIsInNsaWRlc2hvdyI6IjdhOGViYTAifQ%3D%3D\" href='https:\/\/ajaazores.com\/wp-content\/uploads\/2022\/03\/project_1.jpg'><img width=\"768\" height=\"768\" src=\"https:\/\/ajaazores.com\/wp-content\/uploads\/2022\/03\/project_1.jpg\" class=\"attachment-full size-full\" alt=\"\" loading=\"lazy\" srcset=\"https:\/\/ajaazores.com\/wp-content\/uploads\/2022\/03\/project_1.jpg 768w, https:\/\/ajaazores.com\/wp-content\/uploads\/2022\/03\/project_1-300x300.jpg 300w, https:\/\/ajaazores.com\/wp-content\/uploads\/2022\/03\/project_1-100x100.jpg 100w, https:\/\/ajaazores.com\/wp-content\/uploads\/2022\/03\/project_1-600x600.jpg 600w, https:\/\/ajaazores.com\/wp-content\/uploads\/2022\/03\/project_1-150x150.jpg 150w, https:\/\/ajaazores.com\/wp-content\/uploads\/2022\/03\/project_1-500x500.jpg 500w\" sizes=\"(max-width: 768px) 100vw, 768px\" \/><\/a>\n\t\t\t<\/div><\/figure><figure class='gallery-item'>\n\t\t\t<div class='gallery-icon landscape'>\n\t\t\t\t<a data-elementor-open-lightbox=\"yes\" data-elementor-lightbox-slideshow=\"7a8eba0\" data-elementor-lightbox-title=\"project_2\" e-action-hash=\"#elementor-action%3Aaction%3Dlightbox%26settings%3DeyJpZCI6MTY2MzksInVybCI6Imh0dHBzOlwvXC9hamFhem9yZXMuY29tXC93cC1jb250ZW50XC91cGxvYWRzXC8yMDIyXC8wM1wvcHJvamVjdF8yLmpwZyIsInNsaWRlc2hvdyI6IjdhOGViYTAifQ%3D%3D\" href='https:\/\/ajaazores.com\/wp-content\/uploads\/2022\/03\/project_2.jpg'><img width=\"768\" height=\"768\" src=\"https:\/\/ajaazores.com\/wp-content\/uploads\/2022\/03\/project_2.jpg\" class=\"attachment-full size-full\" alt=\"\" loading=\"lazy\" srcset=\"https:\/\/ajaazores.com\/wp-content\/uploads\/2022\/03\/project_2.jpg 768w, https:\/\/ajaazores.com\/wp-content\/uploads\/2022\/03\/project_2-300x300.jpg 300w, https:\/\/ajaazores.com\/wp-content\/uploads\/2022\/03\/project_2-100x100.jpg 100w, https:\/\/ajaazores.com\/wp-content\/uploads\/2022\/03\/project_2-600x600.jpg 600w, https:\/\/ajaazores.com\/wp-content\/uploads\/2022\/03\/project_2-150x150.jpg 150w, https:\/\/ajaazores.com\/wp-content\/uploads\/2022\/03\/project_2-500x500.jpg 500w\" sizes=\"(max-width: 768px) 100vw, 768px\" \/><\/a>\n\t\t\t<\/div><\/figure><figure class='gallery-item'>\n\t\t\t<div class='gallery-icon landscape'>\n\t\t\t\t<a data-elementor-open-lightbox=\"yes\" data-elementor-lightbox-slideshow=\"7a8eba0\" data-elementor-lightbox-title=\"project_3\" e-action-hash=\"#elementor-action%3Aaction%3Dlightbox%26settings%3DeyJpZCI6MTY2MzcsInVybCI6Imh0dHBzOlwvXC9hamFhem9yZXMuY29tXC93cC1jb250ZW50XC91cGxvYWRzXC8yMDIyXC8wM1wvcHJvamVjdF8zLmpwZyIsInNsaWRlc2hvdyI6IjdhOGViYTAifQ%3D%3D\" href='https:\/\/ajaazores.com\/wp-content\/uploads\/2022\/03\/project_3.jpg'><img width=\"768\" height=\"768\" src=\"https:\/\/ajaazores.com\/wp-content\/uploads\/2022\/03\/project_3.jpg\" class=\"attachment-full size-full\" alt=\"\" loading=\"lazy\" srcset=\"https:\/\/ajaazores.com\/wp-content\/uploads\/2022\/03\/project_3.jpg 768w, https:\/\/ajaazores.com\/wp-content\/uploads\/2022\/03\/project_3-300x300.jpg 300w, https:\/\/ajaazores.com\/wp-content\/uploads\/2022\/03\/project_3-100x100.jpg 100w, https:\/\/ajaazores.com\/wp-content\/uploads\/2022\/03\/project_3-600x600.jpg 600w, https:\/\/ajaazores.com\/wp-content\/uploads\/2022\/03\/project_3-150x150.jpg 150w, https:\/\/ajaazores.com\/wp-content\/uploads\/2022\/03\/project_3-500x500.jpg 500w\" sizes=\"(max-width: 768px) 100vw, 768px\" \/><\/a>\n\t\t\t<\/div><\/figure><figure class='gallery-item'>\n\t\t\t<div class='gallery-icon landscape'>\n\t\t\t\t<a data-elementor-open-lightbox=\"yes\" data-elementor-lightbox-slideshow=\"7a8eba0\" data-elementor-lightbox-title=\"project_4\" e-action-hash=\"#elementor-action%3Aaction%3Dlightbox%26settings%3DeyJpZCI6MTY2MzUsInVybCI6Imh0dHBzOlwvXC9hamFhem9yZXMuY29tXC93cC1jb250ZW50XC91cGxvYWRzXC8yMDIyXC8wM1wvcHJvamVjdF80LmpwZyIsInNsaWRlc2hvdyI6IjdhOGViYTAifQ%3D%3D\" href='https:\/\/ajaazores.com\/wp-content\/uploads\/2022\/03\/project_4.jpg'><img width=\"768\" height=\"768\" src=\"https:\/\/ajaazores.com\/wp-content\/uploads\/2022\/03\/project_4.jpg\" class=\"attachment-full size-full\" alt=\"\" loading=\"lazy\" srcset=\"https:\/\/ajaazores.com\/wp-content\/uploads\/2022\/03\/project_4.jpg 768w, https:\/\/ajaazores.com\/wp-content\/uploads\/2022\/03\/project_4-300x300.jpg 300w, https:\/\/ajaazores.com\/wp-content\/uploads\/2022\/03\/project_4-100x100.jpg 100w, https:\/\/ajaazores.com\/wp-content\/uploads\/2022\/03\/project_4-600x600.jpg 600w, https:\/\/ajaazores.com\/wp-content\/uploads\/2022\/03\/project_4-150x150.jpg 150w, https:\/\/ajaazores.com\/wp-content\/uploads\/2022\/03\/project_4-500x500.jpg 500w\" sizes=\"(max-width: 768px) 100vw, 768px\" \/><\/a>\n\t\t\t<\/div><\/figure><figure class='gallery-item'>\n\t\t\t<div class='gallery-icon landscape'>\n\t\t\t\t<a data-elementor-open-lightbox=\"yes\" data-elementor-lightbox-slideshow=\"7a8eba0\" data-elementor-lightbox-title=\"project_5\" e-action-hash=\"#elementor-action%3Aaction%3Dlightbox%26settings%3DeyJpZCI6MTY2MzMsInVybCI6Imh0dHBzOlwvXC9hamFhem9yZXMuY29tXC93cC1jb250ZW50XC91cGxvYWRzXC8yMDIyXC8wM1wvcHJvamVjdF81LmpwZyIsInNsaWRlc2hvdyI6IjdhOGViYTAifQ%3D%3D\" href='https:\/\/ajaazores.com\/wp-content\/uploads\/2022\/03\/project_5.jpg'><img width=\"768\" height=\"768\" src=\"https:\/\/ajaazores.com\/wp-content\/uploads\/2022\/03\/project_5.jpg\" class=\"attachment-full size-full\" alt=\"\" loading=\"lazy\" srcset=\"https:\/\/ajaazores.com\/wp-content\/uploads\/2022\/03\/project_5.jpg 768w, https:\/\/ajaazores.com\/wp-content\/uploads\/2022\/03\/project_5-300x300.jpg 300w, https:\/\/ajaazores.com\/wp-content\/uploads\/2022\/03\/project_5-100x100.jpg 100w, https:\/\/ajaazores.com\/wp-content\/uploads\/2022\/03\/project_5-600x600.jpg 600w, https:\/\/ajaazores.com\/wp-content\/uploads\/2022\/03\/project_5-150x150.jpg 150w, https:\/\/ajaazores.com\/wp-content\/uploads\/2022\/03\/project_5-500x500.jpg 500w\" sizes=\"(max-width: 768px) 100vw, 768px\" \/><\/a>\n\t\t\t<\/div><\/figure><figure class='gallery-item'>\n\t\t\t<div class='gallery-icon landscape'>\n\t\t\t\t<a data-elementor-open-lightbox=\"yes\" data-elementor-lightbox-slideshow=\"7a8eba0\" data-elementor-lightbox-title=\"project_6\" e-action-hash=\"#elementor-action%3Aaction%3Dlightbox%26settings%3DeyJpZCI6MTY2MzEsInVybCI6Imh0dHBzOlwvXC9hamFhem9yZXMuY29tXC93cC1jb250ZW50XC91cGxvYWRzXC8yMDIyXC8wM1wvcHJvamVjdF82LmpwZyIsInNsaWRlc2hvdyI6IjdhOGViYTAifQ%3D%3D\" href='https:\/\/ajaazores.com\/wp-content\/uploads\/2022\/03\/project_6.jpg'><img width=\"768\" height=\"768\" src=\"https:\/\/ajaazores.com\/wp-content\/uploads\/2022\/03\/project_6.jpg\" class=\"attachment-full size-full\" alt=\"\" loading=\"lazy\" srcset=\"https:\/\/ajaazores.com\/wp-content\/uploads\/2022\/03\/project_6.jpg 768w, https:\/\/ajaazores.com\/wp-content\/uploads\/2022\/03\/project_6-300x300.jpg 300w, https:\/\/ajaazores.com\/wp-content\/uploads\/2022\/03\/project_6-100x100.jpg 100w, https:\/\/ajaazores.com\/wp-content\/uploads\/2022\/03\/project_6-600x600.jpg 600w, https:\/\/ajaazores.com\/wp-content\/uploads\/2022\/03\/project_6-150x150.jpg 150w, https:\/\/ajaazores.com\/wp-content\/uploads\/2022\/03\/project_6-500x500.jpg 500w\" sizes=\"(max-width: 768px) 100vw, 768px\" \/><\/a>\n\t\t\t<\/div><\/figure>\n\t\t<\/div>\n\t\t<\/div>\n\t\t\t\t<\/div>\n\t\t\t\t<\/div>\n\t\t\t\t\t<\/div>\n\t\t<\/div>\n\t\t\t\t\t\t\t<\/div>\n\t\t<\/section>\n\t\t\t\t\t\t\t<\/div>\n\t\t","protected":false},"excerpt":{"rendered":"<p>Gallery Excepteur sint occaecat cupidatat non proident, sunt in coulpa qui official modeserunt mollit anim id est 20 years experience. Home&gt; Blog<\/p>\n","protected":false},"author":1,"featured_media":17467,"parent":0,"menu_order":0,"comment_status":"closed","ping_status":"closed","template":"portfolio-template.php","meta":[],"acf":[],"yoast_head":"<!-- This site is optimized with the Yoast SEO plugin v19.1 - https:\/\/yoast.com\/wordpress\/plugins\/seo\/ -->\n<title>Reconstruir Casas Antigas | Veja o Portf\u00f3lio da AJA Azores!<\/title>\n<meta name=\"description\" content=\"Entre na nossa p\u00e1gina web e veja o nosso portf\u00f3lio de servi\u00e7os de constru\u00e7\u00e3o e reconstru\u00e7\u00e3o de edif\u00edcios. Estamos aqui para si!\" \/>\n<meta name=\"robots\" content=\"index, follow, max-snippet:-1, max-image-preview:large, max-video-preview:-1\" \/>\n<link rel=\"canonical\" href=\"https:\/\/ajaazores.com\/it\/portafoglio\/\" \/>\n<meta property=\"og:locale\" content=\"it_IT\" \/>\n<meta property=\"og:type\" content=\"article\" \/>\n<meta property=\"og:title\" content=\"Reconstruir Casas Antigas | Veja o Portf\u00f3lio da AJA Azores!\" \/>\n<meta property=\"og:description\" content=\"Entre na nossa p\u00e1gina web e veja o nosso portf\u00f3lio de servi\u00e7os de constru\u00e7\u00e3o e reconstru\u00e7\u00e3o de edif\u00edcios. Estamos aqui para si!\" \/>\n<meta property=\"og:url\" content=\"https:\/\/ajaazores.com\/it\/portafoglio\/\" \/>\n<meta property=\"og:site_name\" content=\"AJA Azores\" \/>\n<meta property=\"article:modified_time\" content=\"2023-03-20T15:35:10+00:00\" \/>\n<meta property=\"og:image\" content=\"https:\/\/ajaazores.com\/wp-content\/uploads\/2022\/07\/a7i04498-scaled.jpg\" \/>\n\t<meta property=\"og:image:width\" content=\"2560\" \/>\n\t<meta property=\"og:image:height\" content=\"1706\" \/>\n\t<meta property=\"og:image:type\" content=\"image\/jpeg\" \/>\n<meta name=\"twitter:card\" content=\"summary_large_image\" \/>\n<script type=\"application\/ld+json\" class=\"yoast-schema-graph\">{\"@context\":\"https:\/\/schema.org\",\"@graph\":[{\"@type\":\"WebSite\",\"@id\":\"https:\/\/ajaazores.com\/#website\",\"url\":\"https:\/\/ajaazores.com\/\",\"name\":\"AJA Azores\",\"description\":\"Mais um site WordPress\",\"potentialAction\":[{\"@type\":\"SearchAction\",\"target\":{\"@type\":\"EntryPoint\",\"urlTemplate\":\"https:\/\/ajaazores.com\/?s={search_term_string}\"},\"query-input\":\"required name=search_term_string\"}],\"inLanguage\":\"it-IT\"},{\"@type\":\"ImageObject\",\"inLanguage\":\"it-IT\",\"@id\":\"https:\/\/ajaazores.com\/it\/portafoglio\/#primaryimage\",\"url\":\"https:\/\/ajaazores.com\/wp-content\/uploads\/2022\/07\/a7i04498-scaled.jpg\",\"contentUrl\":\"https:\/\/ajaazores.com\/wp-content\/uploads\/2022\/07\/a7i04498-scaled.jpg\",\"width\":2560,\"height\":1706},{\"@type\":\"WebPage\",\"@id\":\"https:\/\/ajaazores.com\/it\/portafoglio\/#webpage\",\"url\":\"https:\/\/ajaazores.com\/it\/portafoglio\/\",\"name\":\"Reconstruir Casas Antigas | Veja o Portf\u00f3lio da AJA Azores!\",\"isPartOf\":{\"@id\":\"https:\/\/ajaazores.com\/#website\"},\"primaryImageOfPage\":{\"@id\":\"https:\/\/ajaazores.com\/it\/portafoglio\/#primaryimage\"},\"datePublished\":\"2022-03-30T08:31:26+00:00\",\"dateModified\":\"2023-03-20T15:35:10+00:00\",\"description\":\"Entre na nossa p\u00e1gina web e veja o nosso portf\u00f3lio de servi\u00e7os de constru\u00e7\u00e3o e reconstru\u00e7\u00e3o de edif\u00edcios. Estamos aqui para si!\",\"breadcrumb\":{\"@id\":\"https:\/\/ajaazores.com\/it\/portafoglio\/#breadcrumb\"},\"inLanguage\":\"it-IT\",\"potentialAction\":[{\"@type\":\"ReadAction\",\"target\":[\"https:\/\/ajaazores.com\/it\/portafoglio\/\"]}]},{\"@type\":\"BreadcrumbList\",\"@id\":\"https:\/\/ajaazores.com\/it\/portafoglio\/#breadcrumb\",\"itemListElement\":[{\"@type\":\"ListItem\",\"position\":1,\"name\":\"Home\",\"item\":\"https:\/\/ajaazores.com\/it\/\"},{\"@type\":\"ListItem\",\"position\":2,\"name\":\"Portafoglio\"}]}]}<\/script>\n<!-- \/ Yoast SEO plugin. -->","yoast_head_json":{"title":"Reconstruir Casas Antigas | Veja o Portf\u00f3lio da AJA Azores!","description":"Entre na nossa p\u00e1gina web e veja o nosso portf\u00f3lio de servi\u00e7os de constru\u00e7\u00e3o e reconstru\u00e7\u00e3o de edif\u00edcios. Estamos aqui para si!","robots":{"index":"index","follow":"follow","max-snippet":"max-snippet:-1","max-image-preview":"max-image-preview:large","max-video-preview":"max-video-preview:-1"},"canonical":"https:\/\/ajaazores.com\/it\/portafoglio\/","og_locale":"it_IT","og_type":"article","og_title":"Reconstruir Casas Antigas | Veja o Portf\u00f3lio da AJA Azores!","og_description":"Entre na nossa p\u00e1gina web e veja o nosso portf\u00f3lio de servi\u00e7os de constru\u00e7\u00e3o e reconstru\u00e7\u00e3o de edif\u00edcios. Estamos aqui para si!","og_url":"https:\/\/ajaazores.com\/it\/portafoglio\/","og_site_name":"AJA Azores","article_modified_time":"2023-03-20T15:35:10+00:00","og_image":[{"width":2560,"height":1706,"url":"https:\/\/ajaazores.com\/wp-content\/uploads\/2022\/07\/a7i04498-scaled.jpg","type":"image\/jpeg"}],"twitter_card":"summary_large_image","schema":{"@context":"https:\/\/schema.org","@graph":[{"@type":"WebSite","@id":"https:\/\/ajaazores.com\/#website","url":"https:\/\/ajaazores.com\/","name":"AJA Azores","description":"Mais um site WordPress","potentialAction":[{"@type":"SearchAction","target":{"@type":"EntryPoint","urlTemplate":"https:\/\/ajaazores.com\/?s={search_term_string}"},"query-input":"required name=search_term_string"}],"inLanguage":"it-IT"},{"@type":"ImageObject","inLanguage":"it-IT","@id":"https:\/\/ajaazores.com\/it\/portafoglio\/#primaryimage","url":"https:\/\/ajaazores.com\/wp-content\/uploads\/2022\/07\/a7i04498-scaled.jpg","contentUrl":"https:\/\/ajaazores.com\/wp-content\/uploads\/2022\/07\/a7i04498-scaled.jpg","width":2560,"height":1706},{"@type":"WebPage","@id":"https:\/\/ajaazores.com\/it\/portafoglio\/#webpage","url":"https:\/\/ajaazores.com\/it\/portafoglio\/","name":"Reconstruir Casas Antigas | Veja o Portf\u00f3lio da AJA Azores!","isPartOf":{"@id":"https:\/\/ajaazores.com\/#website"},"primaryImageOfPage":{"@id":"https:\/\/ajaazores.com\/it\/portafoglio\/#primaryimage"},"datePublished":"2022-03-30T08:31:26+00:00","dateModified":"2023-03-20T15:35:10+00:00","description":"Entre na nossa p\u00e1gina web e veja o nosso portf\u00f3lio de servi\u00e7os de constru\u00e7\u00e3o e reconstru\u00e7\u00e3o de edif\u00edcios. Estamos aqui para si!","breadcrumb":{"@id":"https:\/\/ajaazores.com\/it\/portafoglio\/#breadcrumb"},"inLanguage":"it-IT","potentialAction":[{"@type":"ReadAction","target":["https:\/\/ajaazores.com\/it\/portafoglio\/"]}]},{"@type":"BreadcrumbList","@id":"https:\/\/ajaazores.com\/it\/portafoglio\/#breadcrumb","itemListElement":[{"@type":"ListItem","position":1,"name":"Home","item":"https:\/\/ajaazores.com\/it\/"},{"@type":"ListItem","position":2,"name":"Portafoglio"}]}]}},"_links":{"self":[{"href":"https:\/\/ajaazores.com\/it\/wp-json\/wp\/v2\/pages\/17784"}],"collection":[{"href":"https:\/\/ajaazores.com\/it\/wp-json\/wp\/v2\/pages"}],"about":[{"href":"https:\/\/ajaazores.com\/it\/wp-json\/wp\/v2\/types\/page"}],"author":[{"embeddable":true,"href":"https:\/\/ajaazores.com\/it\/wp-json\/wp\/v2\/users\/1"}],"replies":[{"embeddable":true,"href":"https:\/\/ajaazores.com\/it\/wp-json\/wp\/v2\/comments?post=17784"}],"version-history":[{"count":2,"href":"https:\/\/ajaazores.com\/it\/wp-json\/wp\/v2\/pages\/17784\/revisions"}],"predecessor-version":[{"id":17994,"href":"https:\/\/ajaazores.com\/it\/wp-json\/wp\/v2\/pages\/17784\/revisions\/17994"}],"wp:featuredmedia":[{"embeddable":true,"href":"https:\/\/ajaazores.com\/it\/wp-json\/wp\/v2\/media\/17467"}],"wp:attachment":[{"href":"https:\/\/ajaazores.com\/it\/wp-json\/wp\/v2\/media?parent=17784"}],"curies":[{"name":"wp","href":"https:\/\/api.w.org\/{rel}","templated":true}]}}