{"id":17782,"date":"2022-03-24T04:55:27","date_gmt":"2022-03-24T04:55:27","guid":{"rendered":"https:\/\/ajaazores.com\/porque-alugar\/"},"modified":"2023-03-20T15:46:27","modified_gmt":"2023-03-20T15:46:27","slug":"perche-affittare","status":"publish","type":"page","link":"https:\/\/ajaazores.com\/it\/perche-affittare\/","title":{"rendered":"Perch\u00e9 Affittare"},"content":{"rendered":"<h1>Services &#8211; Style One<\/h1>\n<p>Excepteur sint occaecat cupidatat non proident, sunt in coulpa qui official modeserunt mollit anim id est 20 years experience.<br \/>\n<!-- Breadcrumb NavXT 6.6.0 --><br \/>\n<a title=\"Go to Konstruk.\" href=\"https:\/\/rstheme.com\/products\/wordpress\/konstruk\">Home<\/a>&gt; <a title=\"Go to Blog.\" href=\"https:\/\/rstheme.com\/products\/wordpress\/konstruk\/blog\/\" aria-current=\"page\">Blog<\/a><br \/>\n01<br \/>\n<img src=\"http:\/\/ajaazores.com\/wp-content\/uploads\/2022\/03\/settings1.png\" alt=\"image\" \/><\/p>\n<h4><a href=\"https:\/\/rstheme.com\/products\/wordpress\/konstruk\/general-construction\/\">General construction<\/a><\/h4>\n<p>Quisque placerat vitae odio lacus uten scelerisque. Fusce luctus odio ac nibh luctus consulting placerat.<\/p>\n<p>04<br \/>\n<img src=\"http:\/\/ajaazores.com\/wp-content\/uploads\/2022\/03\/hard-hat-1.png\" alt=\"image\" \/><\/p>\n<h4><a href=\"https:\/\/rstheme.com\/products\/wordpress\/konstruk\/virtual-design-build\/\">Virtual design &amp; build<\/a><\/h4>\n<p>Quisque placerat vitae odio lacus uten scelerisque. Fusce luctus odio ac nibh luctus consulting placerat.<\/p>\n<p>02<br \/>\n<img src=\"http:\/\/ajaazores.com\/wp-content\/uploads\/2022\/03\/bridge-1.png\" alt=\"image\" \/><\/p>\n<h4><a href=\"https:\/\/rstheme.com\/products\/wordpress\/konstruk\/property-maintenance\/\">Property maintenance<\/a><\/h4>\n<p>Quisque placerat vitae odio lacus uten scelerisque. Fusce luctus odio ac nibh luctus consulting placerat.<\/p>\n<p>05<br \/>\n<img src=\"http:\/\/ajaazores.com\/wp-content\/uploads\/2022\/03\/settings-2.png\" alt=\"image\" \/><\/p>\n<h4><a href=\"https:\/\/rstheme.com\/products\/wordpress\/konstruk\/preconstruction\/\">Preconstruction<\/a><\/h4>\n<p>Quisque placerat vitae odio lacus uten scelerisque. Fusce luctus odio ac nibh luctus consulting placerat.<\/p>\n<p>03<br \/>\n<img src=\"http:\/\/ajaazores.com\/wp-content\/uploads\/2022\/03\/apartments-1.png\" alt=\"image\" \/><\/p>\n<h4><a href=\"https:\/\/rstheme.com\/products\/wordpress\/konstruk\/project-managment\/\">Project managment<\/a><\/h4>\n<p>Quisque placerat vitae odio lacus uten scelerisque. Fusce luctus odio ac nibh luctus consulting placerat.<\/p>\n<p>06<br \/>\n<img src=\"http:\/\/ajaazores.com\/wp-content\/uploads\/2022\/03\/helmet-1.png\" alt=\"image\" \/><\/p>\n<h4><a href=\"https:\/\/rstheme.com\/products\/wordpress\/konstruk\/design-build\/\">Design build<\/a><\/h4>\n<p>Quisque placerat vitae odio lacus uten scelerisque. Fusce luctus odio ac nibh luctus consulting placerat.<\/p>\n<h2>Our working process &#8211; how we work for our customers<\/h2>\n<p><a href=\"#\"><br \/>\nGet In Touch<br \/>\n<\/a><br \/>\n<img src=\"http:\/\/ajaazores.com\/wp-content\/uploads\/2022\/03\/planning-1.png\" alt=\"\" \/><br \/>\n1<\/p>\n<h3>Planning<\/h3>\n<p>Quisque placerat vitae focus scelerisque. Fusce luctus odio ac nibh luctus, in porttitor.<br \/>\n<img src=\"http:\/\/ajaazores.com\/wp-content\/uploads\/2022\/03\/medieval-house.png\" alt=\"\" \/><br \/>\n2<\/p>\n<h3>Design<\/h3>\n<p>Quisque placerat vitae lacusut scelerisque. Fusce luctus odio ac nibh luctus, in porttitor.<br \/>\n<img src=\"http:\/\/ajaazores.com\/wp-content\/uploads\/2022\/03\/crane.png\" alt=\"\" \/><br \/>\n3<\/p>\n<h3>Development<\/h3>\n<p>Quisque placerat vitae lacusut scelerisque. Fusce luctus odio ac nibh luctus, in porttitor.<br \/>\n<img src=\"http:\/\/ajaazores.com\/wp-content\/uploads\/2022\/03\/delivering.png\" alt=\"\" \/><br \/>\n4<\/p>\n<h3>Deliver<\/h3>\n<p>Quisque placerat vitae lacusut scelerisque. Fusce luctus odio ac nibh luctus, in porttitor.<\/p>\n<h2>Let us help your business to move forward.<\/h2>\n<p><img loading=\"lazy\" src=\"http:\/\/ajaazores.com\/wp-content\/uploads\/2022\/03\/rffg.jpg\" alt=\"\" width=\"640\" height=\"466\" \/><\/p>\n<form action=\"\/products\/wordpress\/konstruk\/wp-admin\/admin-ajax.php#wpcf7-f3528-o1\" method=\"post\" novalidate=\"novalidate\" data-status=\"init\"><input name=\"_wpcf7\" type=\"hidden\" value=\"3528\" \/><br \/>\n<input name=\"_wpcf7_version\" type=\"hidden\" value=\"5.5.6\" \/><br \/>\n<input name=\"_wpcf7_locale\" type=\"hidden\" value=\"en_US\" \/><br \/>\n<input name=\"_wpcf7_unit_tag\" type=\"hidden\" value=\"wpcf7-f3528-o1\" \/><br \/>\n<input name=\"_wpcf7_container_post\" type=\"hidden\" value=\"0\" \/><br \/>\n<input name=\"_wpcf7_posted_data_hash\" type=\"hidden\" value=\"\" \/><br \/>\n<input name=\"your-name\" size=\"40\" type=\"text\" value=\"\" placeholder=\"Name\" aria-required=\"true\" aria-invalid=\"false\" \/><br \/>\n<input name=\"your-email\" size=\"40\" type=\"email\" value=\"\" placeholder=\"E-Mail\" aria-required=\"true\" aria-invalid=\"false\" \/><br \/>\n<input name=\"your-phone\" size=\"40\" type=\"text\" value=\"\" placeholder=\"Phone Number\" aria-required=\"true\" aria-invalid=\"false\" \/><br \/>\n<input name=\"your-website\" size=\"40\" type=\"text\" value=\"\" placeholder=\"Your Website\" aria-invalid=\"false\" \/><br \/>\n<textarea cols=\"40\" name=\"your-message\" rows=\"10\" placeholder=\"Your Message Here\" aria-invalid=\"false\"><\/textarea><\/form>\n<p><input type=\"submit\" value=\"Submit Now\" \/><\/p>\n<p style=\"display: none !important;\"><label>\u0394<textarea cols=\"45\" maxlength=\"100\" name=\"_wpcf7_ak_hp_textarea\" rows=\"8\"><\/textarea><\/label><input id=\"ak_js_1\" name=\"_wpcf7_ak_js\" type=\"hidden\" value=\"241\" \/><\/p>\n<p><img src=\"http:\/\/ajaazores.com\/wp-content\/uploads\/2022\/03\/location-1-1.png\" alt=\"image\" \/><\/p>\n<h3>USA office<\/h3>\n<p>55 Gerad Lane,<br \/>\nNY 11201, USA<\/p>\n<p><img src=\"http:\/\/ajaazores.com\/wp-content\/uploads\/2022\/03\/map-1.png\" alt=\"image\" \/><\/p>\n<h3>BD office<\/h3>\n<p>Ta-134\/A, Link<br \/>\nRoad, Gulshan-1<\/p>\n<p><img src=\"http:\/\/ajaazores.com\/wp-content\/uploads\/2022\/03\/chat.png\" alt=\"image\" \/><\/p>\n<h3>Email us<\/h3>\n<p>test@gamil.com<br \/>\ntest2@gamil.com<\/p>\n<p><img src=\"http:\/\/ajaazores.com\/wp-content\/uploads\/2022\/03\/phone-call.png\" alt=\"image\" \/><\/p>\n<h3>Call us<\/h3>\n<p>(+088) 589-8745<br \/>\n(+088) 222-9999<\/p>\n<p><a href=\"#\"><img title=\"\" src=\"http:\/\/ajaazores.com\/wp-content\/uploads\/2022\/03\/partner_02.png\" alt=\"\" \/><br \/>\n<img title=\"\" src=\"http:\/\/ajaazores.com\/wp-content\/uploads\/2022\/03\/partner_02.png\" alt=\"\" \/><\/a><br \/>\n<a href=\"#\"><img title=\"\" src=\"http:\/\/ajaazores.com\/wp-content\/uploads\/2022\/03\/partner_09.png\" alt=\"\" \/><br \/>\n<img title=\"\" src=\"http:\/\/ajaazores.com\/wp-content\/uploads\/2022\/03\/partner_09.png\" alt=\"\" \/><\/a><br \/>\n<a href=\"#\"><img title=\"\" src=\"http:\/\/ajaazores.com\/wp-content\/uploads\/2022\/03\/partner_01.png\" alt=\"\" \/><br \/>\n<img title=\"\" src=\"http:\/\/ajaazores.com\/wp-content\/uploads\/2022\/03\/partner_01.png\" alt=\"\" \/><\/a><br \/>\n<a href=\"#\"><img title=\"\" src=\"http:\/\/ajaazores.com\/wp-content\/uploads\/2022\/03\/partner_08.png\" alt=\"\" \/><br \/>\n<img title=\"\" src=\"http:\/\/ajaazores.com\/wp-content\/uploads\/2022\/03\/partner_08.png\" alt=\"\" \/><\/a><br \/>\n<a href=\"#\"><img title=\"\" src=\"http:\/\/ajaazores.com\/wp-content\/uploads\/2022\/03\/partner_07.png\" alt=\"\" \/><br \/>\n<img title=\"\" src=\"http:\/\/ajaazores.com\/wp-content\/uploads\/2022\/03\/partner_07.png\" alt=\"\" \/><\/a><br \/>\n<a href=\"#\"><img title=\"\" src=\"http:\/\/ajaazores.com\/wp-content\/uploads\/2022\/03\/partner_06.png\" alt=\"\" \/><br \/>\n<img title=\"\" src=\"http:\/\/ajaazores.com\/wp-content\/uploads\/2022\/03\/partner_06.png\" alt=\"\" \/><\/a><\/p>\n","protected":false},"excerpt":{"rendered":"<p>Services &#8211; Style One Excepteur sint occaecat cupidatat non proident, sunt in coulpa qui official modeserunt mollit anim id est 20 years experience. Home&gt; Blog 01 General construction Quisque placerat vitae odio lacus uten scelerisque. Fusce luctus odio ac nibh luctus consulting placerat. 04 Virtual design &amp; build Quisque placerat vitae odio lacus uten scelerisque&#8230;.<\/p>\n","protected":false},"author":1,"featured_media":17477,"parent":0,"menu_order":0,"comment_status":"closed","ping_status":"closed","template":"aluguer-template.php","meta":[],"acf":[],"yoast_head":"<!-- This site is optimized with the Yoast SEO plugin v19.1 - https:\/\/yoast.com\/wordpress\/plugins\/seo\/ -->\n<title>Reabilita\u00e7\u00e3o de Edificios | Por que Motivo Deve Alugar um Ve\u00edculo?<\/title>\n<meta name=\"description\" content=\"Veja a nossa frota de ve\u00edculos para aluguer. A reabilita\u00e7\u00e3o de edif\u00edcios necessita de um equipamento de qualidade!\" \/>\n<meta name=\"robots\" content=\"index, follow, max-snippet:-1, max-image-preview:large, max-video-preview:-1\" \/>\n<link rel=\"canonical\" href=\"https:\/\/ajaazores.com\/it\/perche-affittare\/\" \/>\n<meta property=\"og:locale\" content=\"it_IT\" \/>\n<meta property=\"og:type\" content=\"article\" \/>\n<meta property=\"og:title\" content=\"Reabilita\u00e7\u00e3o de Edificios | Por que Motivo Deve Alugar um Ve\u00edculo?\" \/>\n<meta property=\"og:description\" content=\"Veja a nossa frota de ve\u00edculos para aluguer. A reabilita\u00e7\u00e3o de edif\u00edcios necessita de um equipamento de qualidade!\" \/>\n<meta property=\"og:url\" content=\"https:\/\/ajaazores.com\/it\/perche-affittare\/\" \/>\n<meta property=\"og:site_name\" content=\"AJA Azores\" \/>\n<meta property=\"article:modified_time\" content=\"2023-03-20T15:46:27+00:00\" \/>\n<meta property=\"og:image\" content=\"https:\/\/ajaazores.com\/wp-content\/uploads\/2022\/07\/a7i06039-1-scaled.jpg\" \/>\n\t<meta property=\"og:image:width\" content=\"2560\" \/>\n\t<meta property=\"og:image:height\" content=\"1706\" \/>\n\t<meta property=\"og:image:type\" content=\"image\/jpeg\" \/>\n<meta name=\"twitter:card\" content=\"summary_large_image\" \/>\n<meta name=\"twitter:label1\" content=\"Tempo di lettura stimato\" \/>\n\t<meta name=\"twitter:data1\" content=\"1 minuto\" \/>\n<script type=\"application\/ld+json\" class=\"yoast-schema-graph\">{\"@context\":\"https:\/\/schema.org\",\"@graph\":[{\"@type\":\"WebSite\",\"@id\":\"https:\/\/ajaazores.com\/#website\",\"url\":\"https:\/\/ajaazores.com\/\",\"name\":\"AJA Azores\",\"description\":\"Mais um site WordPress\",\"potentialAction\":[{\"@type\":\"SearchAction\",\"target\":{\"@type\":\"EntryPoint\",\"urlTemplate\":\"https:\/\/ajaazores.com\/?s={search_term_string}\"},\"query-input\":\"required name=search_term_string\"}],\"inLanguage\":\"it-IT\"},{\"@type\":\"ImageObject\",\"inLanguage\":\"it-IT\",\"@id\":\"https:\/\/ajaazores.com\/it\/perche-affittare\/#primaryimage\",\"url\":\"https:\/\/ajaazores.com\/wp-content\/uploads\/2022\/07\/a7i06039-1-scaled.jpg\",\"contentUrl\":\"https:\/\/ajaazores.com\/wp-content\/uploads\/2022\/07\/a7i06039-1-scaled.jpg\",\"width\":2560,\"height\":1706},{\"@type\":\"WebPage\",\"@id\":\"https:\/\/ajaazores.com\/it\/perche-affittare\/#webpage\",\"url\":\"https:\/\/ajaazores.com\/it\/perche-affittare\/\",\"name\":\"Reabilita\u00e7\u00e3o de Edificios | Por que Motivo Deve Alugar um Ve\u00edculo?\",\"isPartOf\":{\"@id\":\"https:\/\/ajaazores.com\/#website\"},\"primaryImageOfPage\":{\"@id\":\"https:\/\/ajaazores.com\/it\/perche-affittare\/#primaryimage\"},\"datePublished\":\"2022-03-24T04:55:27+00:00\",\"dateModified\":\"2023-03-20T15:46:27+00:00\",\"description\":\"Veja a nossa frota de ve\u00edculos para aluguer. A reabilita\u00e7\u00e3o de edif\u00edcios necessita de um equipamento de qualidade!\",\"breadcrumb\":{\"@id\":\"https:\/\/ajaazores.com\/it\/perche-affittare\/#breadcrumb\"},\"inLanguage\":\"it-IT\",\"potentialAction\":[{\"@type\":\"ReadAction\",\"target\":[\"https:\/\/ajaazores.com\/it\/perche-affittare\/\"]}]},{\"@type\":\"BreadcrumbList\",\"@id\":\"https:\/\/ajaazores.com\/it\/perche-affittare\/#breadcrumb\",\"itemListElement\":[{\"@type\":\"ListItem\",\"position\":1,\"name\":\"Home\",\"item\":\"https:\/\/ajaazores.com\/it\/\"},{\"@type\":\"ListItem\",\"position\":2,\"name\":\"Perch\u00e9 Affittare\"}]}]}<\/script>\n<!-- \/ Yoast SEO plugin. -->","yoast_head_json":{"title":"Reabilita\u00e7\u00e3o de Edificios | Por que Motivo Deve Alugar um Ve\u00edculo?","description":"Veja a nossa frota de ve\u00edculos para aluguer. A reabilita\u00e7\u00e3o de edif\u00edcios necessita de um equipamento de qualidade!","robots":{"index":"index","follow":"follow","max-snippet":"max-snippet:-1","max-image-preview":"max-image-preview:large","max-video-preview":"max-video-preview:-1"},"canonical":"https:\/\/ajaazores.com\/it\/perche-affittare\/","og_locale":"it_IT","og_type":"article","og_title":"Reabilita\u00e7\u00e3o de Edificios | Por que Motivo Deve Alugar um Ve\u00edculo?","og_description":"Veja a nossa frota de ve\u00edculos para aluguer. A reabilita\u00e7\u00e3o de edif\u00edcios necessita de um equipamento de qualidade!","og_url":"https:\/\/ajaazores.com\/it\/perche-affittare\/","og_site_name":"AJA Azores","article_modified_time":"2023-03-20T15:46:27+00:00","og_image":[{"width":2560,"height":1706,"url":"https:\/\/ajaazores.com\/wp-content\/uploads\/2022\/07\/a7i06039-1-scaled.jpg","type":"image\/jpeg"}],"twitter_card":"summary_large_image","twitter_misc":{"Tempo di lettura stimato":"1 minuto"},"schema":{"@context":"https:\/\/schema.org","@graph":[{"@type":"WebSite","@id":"https:\/\/ajaazores.com\/#website","url":"https:\/\/ajaazores.com\/","name":"AJA Azores","description":"Mais um site WordPress","potentialAction":[{"@type":"SearchAction","target":{"@type":"EntryPoint","urlTemplate":"https:\/\/ajaazores.com\/?s={search_term_string}"},"query-input":"required name=search_term_string"}],"inLanguage":"it-IT"},{"@type":"ImageObject","inLanguage":"it-IT","@id":"https:\/\/ajaazores.com\/it\/perche-affittare\/#primaryimage","url":"https:\/\/ajaazores.com\/wp-content\/uploads\/2022\/07\/a7i06039-1-scaled.jpg","contentUrl":"https:\/\/ajaazores.com\/wp-content\/uploads\/2022\/07\/a7i06039-1-scaled.jpg","width":2560,"height":1706},{"@type":"WebPage","@id":"https:\/\/ajaazores.com\/it\/perche-affittare\/#webpage","url":"https:\/\/ajaazores.com\/it\/perche-affittare\/","name":"Reabilita\u00e7\u00e3o de Edificios | Por que Motivo Deve Alugar um Ve\u00edculo?","isPartOf":{"@id":"https:\/\/ajaazores.com\/#website"},"primaryImageOfPage":{"@id":"https:\/\/ajaazores.com\/it\/perche-affittare\/#primaryimage"},"datePublished":"2022-03-24T04:55:27+00:00","dateModified":"2023-03-20T15:46:27+00:00","description":"Veja a nossa frota de ve\u00edculos para aluguer. A reabilita\u00e7\u00e3o de edif\u00edcios necessita de um equipamento de qualidade!","breadcrumb":{"@id":"https:\/\/ajaazores.com\/it\/perche-affittare\/#breadcrumb"},"inLanguage":"it-IT","potentialAction":[{"@type":"ReadAction","target":["https:\/\/ajaazores.com\/it\/perche-affittare\/"]}]},{"@type":"BreadcrumbList","@id":"https:\/\/ajaazores.com\/it\/perche-affittare\/#breadcrumb","itemListElement":[{"@type":"ListItem","position":1,"name":"Home","item":"https:\/\/ajaazores.com\/it\/"},{"@type":"ListItem","position":2,"name":"Perch\u00e9 Affittare"}]}]}},"_links":{"self":[{"href":"https:\/\/ajaazores.com\/it\/wp-json\/wp\/v2\/pages\/17782"}],"collection":[{"href":"https:\/\/ajaazores.com\/it\/wp-json\/wp\/v2\/pages"}],"about":[{"href":"https:\/\/ajaazores.com\/it\/wp-json\/wp\/v2\/types\/page"}],"author":[{"embeddable":true,"href":"https:\/\/ajaazores.com\/it\/wp-json\/wp\/v2\/users\/1"}],"replies":[{"embeddable":true,"href":"https:\/\/ajaazores.com\/it\/wp-json\/wp\/v2\/comments?post=17782"}],"version-history":[{"count":3,"href":"https:\/\/ajaazores.com\/it\/wp-json\/wp\/v2\/pages\/17782\/revisions"}],"predecessor-version":[{"id":18005,"href":"https:\/\/ajaazores.com\/it\/wp-json\/wp\/v2\/pages\/17782\/revisions\/18005"}],"wp:featuredmedia":[{"embeddable":true,"href":"https:\/\/ajaazores.com\/it\/wp-json\/wp\/v2\/media\/17477"}],"wp:attachment":[{"href":"https:\/\/ajaazores.com\/it\/wp-json\/wp\/v2\/media?parent=17782"}],"curies":[{"name":"wp","href":"https:\/\/api.w.org\/{rel}","templated":true}]}}