{"id":17789,"date":"2022-06-07T12:21:38","date_gmt":"2022-06-07T12:21:38","guid":{"rendered":"https:\/\/ajaazores.com\/termos-e-condicoes\/"},"modified":"2023-03-20T16:01:25","modified_gmt":"2023-03-20T16:01:25","slug":"bedingungen-und-konditionen","status":"publish","type":"page","link":"https:\/\/ajaazores.com\/de\/bedingungen-und-konditionen\/","title":{"rendered":"Bedingungen und Konditionen"},"content":{"rendered":"<h1 style=\"font-weight: 400;\"><strong>Bedingungen und Konditionen<\/strong><\/h1>\n<p><strong>Allgemeine Bedingungen<\/strong><br \/>\n1.1. Das Unternehmen Aja Azores, Ant\u00f3nio Jos\u00e9 Alves, S.U. Lda (Alves &amp; Alves Group), mit Hauptsitz in Rua Estr. F\u00fcr die Website ajaazores.com (nachfolgend &#8222;Website&#8220;) ist die juristische Person n\u00b3 512094578 verantwortlich.<\/p>\n<p>1.2 Der Benutzer akzeptiert und handelt in \u00dcbereinstimmung mit den hier beschriebenen Nutzungsbedingungen sowie mit allen zuk\u00fcnftigen \u00c4nderungen durch die Nutzung des Dienstes von Aja Azores, Ant\u00f3nio Jos\u00e9 Alves, S.U. Lda (Grupo Alves &amp; Alves) auf dieser Website.<\/p>\n<p>1.3 In den hier genannten Bedingungen beziehen wir uns, wann immer die Begriffe &#8222;wir&#8220; oder &#8222;unser&#8220; verwendet werden, auf Aja Azores, Ant\u00f3nio Jos\u00e9 Alves, S.U. Lda (Grupo Alves &amp; Alves) oder ajaazores.com. Wann immer wir &#8222;Sie&#8220; oder &#8222;Ihr&#8220; verwenden, beziehen wir uns auf jeden, der ajaazores.com verwendet.<\/p>\n<p>1.4. Durch den Zugriff und die Nutzung dieser Website unterliegen Sie den folgenden Allgemeinen Gesch\u00e4ftsbedingungen sowie unserer Datenschutzerkl\u00e4rung. Durch das Surfen auf der Website erkl\u00e4ren Sie sich mit diesen Allgemeinen Gesch\u00e4ftsbedingungen und der Datenschutzrichtlinie einverstanden. Wenn Sie mit seinem Inhalt nicht einverstanden sind, ist der Benutzer nicht berechtigt, auf die Website zuzugreifen und sie zu nutzen, und muss den Zugriff und\/ oder die Nutzung sofort beenden.<\/p>\n<p>1.5. Sie sollten die Allgemeinen Gesch\u00e4ftsbedingungen bei jedem Zugriff auf die Website sorgf\u00e4ltig lesen.<\/p>\n<p>1.6 Wenn Sie gegen eine der hierin enthaltenen Bedingungen versto\u00dfen, wird Ihr Recht auf Zugriff und Nutzung dieser Website sofort beendet.<\/p>\n<p>1.7. Der Inhalt dieser Website ist urheberrechtlich gesch\u00fctzt und ist Eigentum von Aja Azores, Ant\u00f3nio Jos\u00e9 Alves, S.U. Lda (Grupo Alves &amp; Alves) Es ist nicht erlaubt, es in irgendeiner Weise ohne unsere Zustimmung zu verwenden.<\/p>\n<p><strong>Budgetieren<\/strong><br \/>\n2.1 Jedes gesendete Angebot ist 30 Tage ab dem Versanddatum g\u00fcltig und kann nach diesem Zeitraum \u00fcberpr\u00fcft werden.<\/p>\n<p>2.2 Aja Azores, Ant\u00f3nio Jos\u00e9 Alves, S.U. Lda (Alves &amp; Alves Group) beh\u00e4lt sich das Recht vor, im Falle eines Fehlers im gesendeten Budget w\u00e4hrend seiner G\u00fcltigkeit (30 Tage) Korrekturen vorzunehmen.<\/p>\n<p>2.3 Jede \u00c4nderung auf Wunsch des Kunden, Service oder Kosten, die nicht im urspr\u00fcnglichen Budget ausgedr\u00fcckt wurde, hat zus\u00e4tzliche Kosten.<\/p>\n<p><strong>Urheberrecht, Eigentum und Urheberrecht<\/strong><\/p>\n<p>3.1 Alle Inhalte auf dieser Website, einschlie\u00dflich Text, Design, Illustrationen, Logos, Videos, Audio, Fotos und andere Elemente, sind gesetzlich unter dem Code of Copyright and Related Rights gesch\u00fctzt. Sie d\u00fcrfen die Inhalte ohne unsere vorherige ausdr\u00fcckliche schriftliche Zustimmung in keiner Weise f\u00fcr \u00f6ffentliche oder kommerzielle Zwecke anzeigen, reproduzieren, verteilen, \u00e4ndern, \u00fcbertragen oder verwenden.<\/p>\n<p>3.2. Die Inhalte dieser Website sind durch Urheberrechte und verwandte Schutzrechte, gewerbliche Schutzrechte, durch das Computerstrafrecht gesch\u00fctzt und sind Eigentum von Aja Azores, Ant\u00f3nio Jos\u00e9 Alves, S.U. Lda (Grupo Alves &amp; Alves)<\/p>\n<p>3.3 Das Urheberrecht am Werk ist nur Eigentum des Kunden, wenn es abgeschlossen, genehmigt und vollst\u00e4ndig bezahlt ist.<\/p>\n<p>3.4. Wir behalten uns das Recht vor, dem Auftraggeber die f\u00fcr die Herstellung der Werke erforderlichen bearbeitbaren Dateien, Schriften oder sonstigen Werkzeuge und Software nicht zur Verf\u00fcgung zu stellen.<\/p>\n<p>3.5. Aja Azores, Ant\u00f3nio Jos\u00e9 Alves, S.U. Lda (Alves &amp; Alves Group) beh\u00e4lt sich das Recht vor, rechtliche Schritte gegen die Autoren jeglicher Kopie, Reproduktion, Verbreitung oder unerlaubter kommerzieller Verwertung von Texten, Design, Illustrationen, Logos, Video, Audio, Fotos und andere Elemente, die nicht Eigentum des Kunden sind.<\/p>\n<p>3.6. Der Kunde ist daf\u00fcr verantwortlich, dass die von ihm zur Ausf\u00fchrung der Werke zur Verf\u00fcgung gestellten Materialien kein Urheberrecht oder industrielles Eigentum Dritter verletzen und f\u00fcr Sch\u00e4den, die Aja Azores, Ant\u00f3nio Jos\u00e9 Alves, S.U. Lda (Alves &amp; Alves Group) entstehenMissbrauch derselben.<\/p>\n<p><strong>Online-Streitbeilegung<\/strong><br \/>\nDie Europ\u00e4ische Union hat eine Website eingerichtet, um die Verbraucher bei der Einreichung von Beschwerden \u00fcber Streitigkeiten, an denen sie beteiligt sind, zu unterst\u00fctzen. In diesem Zusammenhang stellt Aja Azores, Ant\u00f3nio Jos\u00e9 Alves, S.U. Lda (Alves &amp; Alves Group) alle Informationen bereit, damit Sie Ihr Recht aus\u00fcben k\u00f6nnen, sich bei einer offiziellen, dritten und unparteiischen Stelle des Verfahrens zu beschweren, (\u00abStreitbeilegungsstelle\u00bb) die Ihnen bei der Beilegung des Streits helfen wird.<\/p>\n<p>Wenn Sie also mit dem Kauf einer Ware oder Dienstleistung auf unserer Website oder mit der von uns vorgestellten L\u00f6sung zur L\u00f6sung der Situation unzufrieden sind, k\u00f6nnen Sie auf diese offizielle Website https:\/\/ec.europa.eu\/consumers\/odr\/main\/index.cfm?event=home2.show&amp;lngPT zugreifen und Ihren Widerspruch offenlegen.<\/p>\n<p><strong>4.1. Was ist alternative Streitbeilegung?<\/strong><\/p>\n<p>Alternative Streitbeilegung ist die M\u00f6glichkeit, die alle Verbraucher zur Verf\u00fcgung haben, Rechtsmittel und offizielle Stellen einzulegen, die ihnen bei der Beilegung oder Beratung eines Konflikts helfen, bevor sie Gerichtsverfahren vor den Gerichten er\u00f6ffnen.<\/p>\n<p>In der Regel ist das Verfahren wie folgt: Der Kunde bittet einen unparteiischen Dritten, als Vermittler zwischen sich und dem H\u00e4ndler, der Ziel seiner Beschwerde ist, einzugreifen. Der Vermittler kann eine L\u00f6sung f\u00fcr Ihre Beschwerde vorschlagen, eine L\u00f6sung f\u00fcr beide Parteien vorschreiben oder die Parteien zusammenbringen, um eine L\u00f6sung zu finden.<\/p>\n<p>M\u00f6glicherweise kennen Sie das Konzept der alternativen Streitbeilegung unter einem anderen Namen: &#8218;Mediation&#8216;, &#8218;Schlichtung&#8216;, &#8218;Schiedsverfahren&#8216; oder &#8218;kompetenter Ausschuss f\u00fcr Verbraucherstreitigkeiten&#8216;.<\/p>\n<p>Alternative Streitbeilegung ist in der Regel kosteng\u00fcnstiger, weniger formell und schneller als das gerichtliche Verfahren.<\/p>\n<p>Vorschl\u00e4ge f\u00fcr alternative Streitbeilegungsstellen:<\/p>\n<p style=\"font-weight: 400;\">CNIACC \u2013 Centro Nacional de Informa\u00e7\u00e3o e Arbitragem de Conflitos de Consumo<\/p>\n<p style=\"font-weight: 400;\">http:\/\/www.arbitragemdeconsumo.org\/<\/p>\n<p style=\"font-weight: 400;\">Centro de Arbitragem de Conflitos de Consumo de Lisboa<\/p>\n<p style=\"font-weight: 400;\">http:\/\/www.centroarbitragemlisboa.pt\/<\/p>\n<p style=\"font-weight: 400;\">Centro de Arbitragem de Conflitos de Consumo do Vale do Ave\/Tribunal Arbitral<\/p>\n<p style=\"font-weight: 400;\">\n<blockquote class=\"wp-embedded-content\" data-secret=\"Sdf2QWDEs7\"><p><a href=\"https:\/\/www.triave.pt\/\">Home<\/a><\/p><\/blockquote>\n<p><iframe class=\"wp-embedded-content\" sandbox=\"allow-scripts\" security=\"restricted\" style=\"position: absolute; clip: rect(1px, 1px, 1px, 1px);\" title=\"&#8220;Home&#8221; &#8212; TRIAVE\" src=\"https:\/\/www.triave.pt\/embed\/#?secret=fuSPz6JNek#?secret=Sdf2QWDEs7\" data-secret=\"Sdf2QWDEs7\" width=\"600\" height=\"338\" frameborder=\"0\" marginwidth=\"0\" marginheight=\"0\" scrolling=\"no\"><\/iframe><\/p>\n<p style=\"font-weight: 400;\">CIAB \u2013 Centro de Informa\u00e7\u00e3o, Media\u00e7\u00e3o e Arbitragem de Consumo (Tribunal Arbitral de Consumo)<\/p>\n<p style=\"font-weight: 400;\">http:\/\/www.ciab.pt\/pt\/<\/p>\n<p style=\"font-weight: 400;\">CIMPAS \u2013 Centro de Informa\u00e7\u00e3o, Media\u00e7\u00e3o e Provedoria de Seguros<\/p>\n<p style=\"font-weight: 400;\">https:\/\/www.cimpas.pt\/<\/p>\n<p><strong>Erlaubte Nutzung\/ verbotene Aktivit\u00e4ten<\/strong><br \/>\nDer Zugriff und die Nutzung dieser Website ist nur f\u00fcr pers\u00f6nliche und nicht-kommerzielle Funktionen gestattet, das hei\u00dft, dass die Website nur von Privatpersonen oder von einem Unternehmen, das unsere Dienstleistungen\/ Produkte in ihrem Namen kaufen m\u00f6chte, aufgerufen und genutzt werden sollte.<\/p>\n<p>Alle Aktivit\u00e4ten, die von uns als unangemessen und\/oder gem\u00e4\u00df dem auf diese Website anwendbaren Recht rechtswidrig erachtet werden, einschlie\u00dflich, aber nicht beschr\u00e4nkt auf:<\/p>\n<p>5.1. Eine andere Person oder ein Unternehmen zu sch\u00e4digen, zu missbrauchen, zu diffamieren, zu bedrohen oder zu bel\u00e4stigen oder in einer Weise, die in die Privatsph\u00e4re einer anderen Person eindringt oder obsz\u00f6n, beleidigend, hasserf\u00fcllt, unanst\u00e4ndig, unangemessen, anst\u00f6\u00dfig, inakzeptabel, diskriminierend oder sch\u00e4dlich ist.<\/p>\n<p>5.2 Handlungen, die eine Verletzung der Privatsph\u00e4re darstellen k\u00f6nnen, wie das Senden privater Informationen an diese Website ohne die Zustimmung der betroffenen Person oder andere rechtliche Rechte von Einzelpersonen.<\/p>\n<p>5.3. Senden Sie an diese Website Dateien, die Viren enthalten, die das Eigentum von Aja Azores, Ant\u00f3nio Jos\u00e9 Alves, S.U. Lda (Grupo Alves &amp; Alves) oder das Eigentum von Einzelpersonen sch\u00e4digen oder Teile der Website \u00e4ndern oder zur\u00fcckentwickeln k\u00f6nnen.<\/p>\n<p>5.4. Verwenden Sie jede Art von automatisiertem Computercode, Prozess, Programm, Roboter, Internet Crawler, Spider, Datenprozessor, Drag oder Screen Scraping Alternativen zu Computer-, Prozess-, Programm- oder Systemcodes.<\/p>\n<p>5.5 Die Nutzung der Website f\u00fcr illegale Zwecke oder andere Zwecke, die als unw\u00fcrdig f\u00fcr unser Bild angesehen werden k\u00f6nnen, ist ausdr\u00fccklich untersagt. Usurpation, F\u00e4lschung, Ausbeutung von usurpierten oder gef\u00e4lschten Inhalten, unrechtm\u00e4\u00dfige Identifizierung und unlauterer Wettbewerb sind strafbar.<\/p>\n<p><strong>Inhalte und Garantien<\/strong><br \/>\n6.1. Die Informationen auf dieser Website wurden in gutem Glauben aufgenommen und dienen ausschlie\u00dflich der allgemeinen Information und ihre Verwendung erfolgt auf Ihr alleiniges Risiko.<\/p>\n<p>6.2. Diese Website und ihre Inhalte werden ohne jegliche Garantien bereitgestellt, d.h. es wird keine Garantie daf\u00fcr \u00fcbernommen, dass der Zugriff auf diese Website ununterbrochen oder fehlerfrei, frei von Viren oder anderem sch\u00e4dlichen Material ist oder dass die auf dieser Website enthaltenen Informationen vollst\u00e4ndig sind, genau oder rechtzeitig.<\/p>\n<p>6.3 Aja Azores, Ant\u00f3nio Jos\u00e9 Alves, S.U. Lda (Grupo Alves &amp; Alves) beh\u00e4lt sich das Recht vor, \u00c4nderungen und Korrekturen vorzunehmen, die Website auszusetzen oder zu beenden, wenn dies als angemessen und ohne vorherige Ank\u00fcndigung erachtet wird.<\/p>\n<p>6.4 Aja Azores, Ant\u00f3nio Jos\u00e9 Alves, S.U. Lda (Grupo Alves &amp; Alves) filtert oder \u00fcberwacht die von Dritten an diese Website \u00fcbermittelten Inhalte nicht im Voraus und ist nicht f\u00fcr die Filterung oder \u00dcberwachung von Inhalten dieser Art verantwortlich.<\/p>\n<p>6.5. Bei Benachrichtigung k\u00f6nnen Aja Azores, Ant\u00f3nio Jos\u00e9 Alves, S.U. Lda (Grupo Alves &amp; Alves) eine Behauptung untersuchen, dass der auf diese Website \u00fcbertragene Inhalt gegen die Allgemeinen Gesch\u00e4ftsbedingungen verst\u00f6\u00dft und feststellen, ob die Informationen von dieser Website entfernt werden.<\/p>\n<p>6.6. Aja Azores, Ant\u00f3nio Jos\u00e9 Alves, S.U. Lda (Grupo Alves &amp; Alves) \u00fcbernimmt keine Verantwortung oder Verpflichtung f\u00fcr Handlungen oder Inhalte, die von oder zwischen Ihnen oder Dritten innerhalb oder au\u00dferhalb dieser Website \u00fcbertragen werden.<\/p>\n<p><strong>Haftung, Nutzung und Risiko<\/strong><br \/>\n7.1 Die Nutzung dieser Website und der darin enthaltenen Inhalte erfolgt auf eigene Gefahr.<\/p>\n<p style=\"font-weight: 400;\">7.2. Aja Azores, Ant\u00f3nio Jos\u00e9 Alves, S.U. Lda (Grupo Alves &amp; Alves) und alle ihre gesetzlichen Vertreter, Direktoren, Mitarbeiter und Vertreter sowie jede andere Partei, die an der Erstellung, Produktion, Wartung oder Implementierung dieser Website beteiligt ist, haftet keinem Benutzer der Website f\u00fcr m\u00f6gliche Sch\u00e4den, Verletzungen oder Verletzungen (einschlie\u00dflich entgangenem Gewinn und moralischen, indirekten, zuf\u00e4lligen oder Folgesch\u00e4den), die aus der korrekten oder falschen Nutzung dieser Website und ihres Inhalts entstehen, Zugriff auf Ihren Computer oder Ihr Computersystem durch Dritte, Viren usw.<\/p>\n<p style=\"font-weight: 400;\">Diese Website enth\u00e4lt Links zu Websites Dritter. Diese Links dienen ausschlie\u00dflich Ihrer Bequemlichkeit und Zug\u00e4nglichkeit. Wir unterst\u00fctzen den Inhalt dieser Websites Dritter nicht und sind nicht f\u00fcr den Inhalt solcher Websites verantwortlich. Der Zugriff und Besuch dieser Websites Dritter erfolgt auf eigene Gefahr.<\/p>\n<p>&nbsp;<\/p>\n<ol start=\"8\">\n<li style=\"font-weight: 400;\"><strong>Gerichtsstand und anwendbares Recht<\/strong><br \/>\nAja Azores, Ant\u00f3nio Jos\u00e9 Alves, S.U. Lda (Grupo Alves &amp; Alves) und der Benutzer dieser Website akzeptieren vorbehaltlos, dass alle abweichenden oder Rechtsstreitigkeiten, die sich aus der Nutzung dieser Website ergeben, dem portugiesischen Recht unterliegen.<\/p>\n<p>Zuletzt aktualisiert am: 11\/07\/2022<\/li>\n<\/ol>\n","protected":false},"excerpt":{"rendered":"<p>Bedingungen und Konditionen Allgemeine Bedingungen 1.1. Das Unternehmen Aja Azores, Ant\u00f3nio Jos\u00e9 Alves, S.U. Lda (Alves &amp; Alves Group), mit Hauptsitz in Rua Estr. F\u00fcr die Website ajaazores.com (nachfolgend &#8222;Website&#8220;) ist die juristische Person n\u00b3 512094578 verantwortlich. 1.2 Der Benutzer akzeptiert und handelt in \u00dcbereinstimmung mit den hier beschriebenen Nutzungsbedingungen sowie mit allen zuk\u00fcnftigen \u00c4nderungen&#8230;<\/p>\n","protected":false},"author":1,"featured_media":0,"parent":0,"menu_order":0,"comment_status":"closed","ping_status":"closed","template":"","meta":[],"acf":[],"yoast_head":"<!-- This site is optimized with the Yoast SEO plugin v19.1 - https:\/\/yoast.com\/wordpress\/plugins\/seo\/ -->\n<title>Bedingungen und Konditionen - AJA Azores<\/title>\n<meta name=\"description\" content=\"Por favor, leia os nossos termos e condi\u00e7\u00f5es de utiliza\u00e7\u00e3o do nosso website antes de usufru\u00ed-lo. Na AJA Azores pensamos em si.\" \/>\n<meta name=\"robots\" content=\"index, follow, max-snippet:-1, max-image-preview:large, max-video-preview:-1\" \/>\n<link rel=\"canonical\" href=\"https:\/\/ajaazores.com\/de\/bedingungen-und-konditionen\/\" \/>\n<meta property=\"og:locale\" content=\"de_DE\" \/>\n<meta property=\"og:type\" content=\"article\" \/>\n<meta property=\"og:title\" content=\"Bedingungen und Konditionen - AJA Azores\" \/>\n<meta property=\"og:description\" content=\"Por favor, leia os nossos termos e condi\u00e7\u00f5es de utiliza\u00e7\u00e3o do nosso website antes de usufru\u00ed-lo. Na AJA Azores pensamos em si.\" \/>\n<meta property=\"og:url\" content=\"https:\/\/ajaazores.com\/de\/bedingungen-und-konditionen\/\" \/>\n<meta property=\"og:site_name\" content=\"AJA Azores\" \/>\n<meta property=\"article:modified_time\" content=\"2023-03-20T16:01:25+00:00\" \/>\n<meta name=\"twitter:card\" content=\"summary_large_image\" \/>\n<meta name=\"twitter:label1\" content=\"Gesch\u00e4tzte Lesezeit\" \/>\n\t<meta name=\"twitter:data1\" content=\"9 Minuten\" \/>\n<script type=\"application\/ld+json\" class=\"yoast-schema-graph\">{\"@context\":\"https:\/\/schema.org\",\"@graph\":[{\"@type\":\"WebSite\",\"@id\":\"https:\/\/ajaazores.com\/#website\",\"url\":\"https:\/\/ajaazores.com\/\",\"name\":\"AJA Azores\",\"description\":\"Mais um site WordPress\",\"potentialAction\":[{\"@type\":\"SearchAction\",\"target\":{\"@type\":\"EntryPoint\",\"urlTemplate\":\"https:\/\/ajaazores.com\/?s={search_term_string}\"},\"query-input\":\"required name=search_term_string\"}],\"inLanguage\":\"de-DE\"},{\"@type\":\"WebPage\",\"@id\":\"https:\/\/ajaazores.com\/de\/bedingungen-und-konditionen\/#webpage\",\"url\":\"https:\/\/ajaazores.com\/de\/bedingungen-und-konditionen\/\",\"name\":\"Bedingungen und Konditionen - AJA Azores\",\"isPartOf\":{\"@id\":\"https:\/\/ajaazores.com\/#website\"},\"datePublished\":\"2022-06-07T12:21:38+00:00\",\"dateModified\":\"2023-03-20T16:01:25+00:00\",\"description\":\"Por favor, leia os nossos termos e condi\u00e7\u00f5es de utiliza\u00e7\u00e3o do nosso website antes de usufru\u00ed-lo. Na AJA Azores pensamos em si.\",\"breadcrumb\":{\"@id\":\"https:\/\/ajaazores.com\/de\/bedingungen-und-konditionen\/#breadcrumb\"},\"inLanguage\":\"de-DE\",\"potentialAction\":[{\"@type\":\"ReadAction\",\"target\":[\"https:\/\/ajaazores.com\/de\/bedingungen-und-konditionen\/\"]}]},{\"@type\":\"BreadcrumbList\",\"@id\":\"https:\/\/ajaazores.com\/de\/bedingungen-und-konditionen\/#breadcrumb\",\"itemListElement\":[{\"@type\":\"ListItem\",\"position\":1,\"name\":\"Home\",\"item\":\"https:\/\/ajaazores.com\/de\/\"},{\"@type\":\"ListItem\",\"position\":2,\"name\":\"Bedingungen und Konditionen\"}]}]}<\/script>\n<!-- \/ Yoast SEO plugin. -->","yoast_head_json":{"title":"Bedingungen und Konditionen - AJA Azores","description":"Por favor, leia os nossos termos e condi\u00e7\u00f5es de utiliza\u00e7\u00e3o do nosso website antes de usufru\u00ed-lo. Na AJA Azores pensamos em si.","robots":{"index":"index","follow":"follow","max-snippet":"max-snippet:-1","max-image-preview":"max-image-preview:large","max-video-preview":"max-video-preview:-1"},"canonical":"https:\/\/ajaazores.com\/de\/bedingungen-und-konditionen\/","og_locale":"de_DE","og_type":"article","og_title":"Bedingungen und Konditionen - AJA Azores","og_description":"Por favor, leia os nossos termos e condi\u00e7\u00f5es de utiliza\u00e7\u00e3o do nosso website antes de usufru\u00ed-lo. Na AJA Azores pensamos em si.","og_url":"https:\/\/ajaazores.com\/de\/bedingungen-und-konditionen\/","og_site_name":"AJA Azores","article_modified_time":"2023-03-20T16:01:25+00:00","twitter_card":"summary_large_image","twitter_misc":{"Gesch\u00e4tzte Lesezeit":"9 Minuten"},"schema":{"@context":"https:\/\/schema.org","@graph":[{"@type":"WebSite","@id":"https:\/\/ajaazores.com\/#website","url":"https:\/\/ajaazores.com\/","name":"AJA Azores","description":"Mais um site WordPress","potentialAction":[{"@type":"SearchAction","target":{"@type":"EntryPoint","urlTemplate":"https:\/\/ajaazores.com\/?s={search_term_string}"},"query-input":"required name=search_term_string"}],"inLanguage":"de-DE"},{"@type":"WebPage","@id":"https:\/\/ajaazores.com\/de\/bedingungen-und-konditionen\/#webpage","url":"https:\/\/ajaazores.com\/de\/bedingungen-und-konditionen\/","name":"Bedingungen und Konditionen - AJA Azores","isPartOf":{"@id":"https:\/\/ajaazores.com\/#website"},"datePublished":"2022-06-07T12:21:38+00:00","dateModified":"2023-03-20T16:01:25+00:00","description":"Por favor, leia os nossos termos e condi\u00e7\u00f5es de utiliza\u00e7\u00e3o do nosso website antes de usufru\u00ed-lo. Na AJA Azores pensamos em si.","breadcrumb":{"@id":"https:\/\/ajaazores.com\/de\/bedingungen-und-konditionen\/#breadcrumb"},"inLanguage":"de-DE","potentialAction":[{"@type":"ReadAction","target":["https:\/\/ajaazores.com\/de\/bedingungen-und-konditionen\/"]}]},{"@type":"BreadcrumbList","@id":"https:\/\/ajaazores.com\/de\/bedingungen-und-konditionen\/#breadcrumb","itemListElement":[{"@type":"ListItem","position":1,"name":"Home","item":"https:\/\/ajaazores.com\/de\/"},{"@type":"ListItem","position":2,"name":"Bedingungen und Konditionen"}]}]}},"_links":{"self":[{"href":"https:\/\/ajaazores.com\/de\/wp-json\/wp\/v2\/pages\/17789"}],"collection":[{"href":"https:\/\/ajaazores.com\/de\/wp-json\/wp\/v2\/pages"}],"about":[{"href":"https:\/\/ajaazores.com\/de\/wp-json\/wp\/v2\/types\/page"}],"author":[{"embeddable":true,"href":"https:\/\/ajaazores.com\/de\/wp-json\/wp\/v2\/users\/1"}],"replies":[{"embeddable":true,"href":"https:\/\/ajaazores.com\/de\/wp-json\/wp\/v2\/comments?post=17789"}],"version-history":[{"count":3,"href":"https:\/\/ajaazores.com\/de\/wp-json\/wp\/v2\/pages\/17789\/revisions"}],"predecessor-version":[{"id":18016,"href":"https:\/\/ajaazores.com\/de\/wp-json\/wp\/v2\/pages\/17789\/revisions\/18016"}],"wp:attachment":[{"href":"https:\/\/ajaazores.com\/de\/wp-json\/wp\/v2\/media?parent=17789"}],"curies":[{"name":"wp","href":"https:\/\/api.w.org\/{rel}","templated":true}]}}