{"id":17777,"date":"2022-03-28T12:01:27","date_gmt":"2022-03-28T12:01:27","guid":{"rendered":"https:\/\/ajaazores.com\/orcamentos\/"},"modified":"2023-03-20T15:48:40","modified_gmt":"2023-03-20T15:48:40","slug":"budgets","status":"publish","type":"page","link":"https:\/\/ajaazores.com\/de\/budgets\/","title":{"rendered":"Budgets"},"content":{"rendered":"\t\t<div data-elementor-type=\"wp-page\" data-elementor-id=\"17777\" class=\"elementor elementor-17777 elementor-6614\">\n\t\t\t\t\t\t\t\t\t<section class=\"elementor-section elementor-top-section elementor-element elementor-element-b0b0c94 elementor-section-stretched elementor-section-boxed elementor-section-height-default elementor-section-height-default\" data-id=\"b0b0c94\" data-element_type=\"section\" data-settings=\"{&quot;stretch_section&quot;:&quot;section-stretched&quot;,&quot;background_background&quot;:&quot;classic&quot;}\">\n\t\t\t\t\t\t<div class=\"elementor-container elementor-column-gap-default\">\n\t\t\t\t\t<div class=\"elementor-column elementor-col-33 elementor-top-column elementor-element elementor-element-d13a324 elementor-hidden-mobile\" data-id=\"d13a324\" data-element_type=\"column\">\n\t\t\t<div class=\"elementor-widget-wrap\">\n\t\t\t\t\t\t\t\t\t<\/div>\n\t\t<\/div>\n\t\t\t\t<div class=\"elementor-column elementor-col-33 elementor-top-column elementor-element elementor-element-819f28e\" data-id=\"819f28e\" data-element_type=\"column\">\n\t\t\t<div class=\"elementor-widget-wrap elementor-element-populated\">\n\t\t\t\t\t\t\t\t<div class=\"elementor-element elementor-element-9377769 elementor-widget elementor-widget-rs-heading\" data-id=\"9377769\" data-element_type=\"widget\" data-widget_type=\"rs-heading.default\">\n\t\t\t\t<div class=\"elementor-widget-container\">\n\t\t\t\n        <div class=\"prelements-heading style4 animate- center\">\n\n\n\n        \t<div class=\"title-inner\">        \t\t      \t\t\n\t            <h1 class=\"title\"><span class=\"watermark\"><\/span>Or\u00e7amentos<\/h1><span class=\"sub-text\">Excepteur sint occaecat cupidatat non proident, sunt in coulpa qui official modeserunt mollit anim id est 20 years experience.<\/span>\t\t\t\t\n\t\t\t\t\t        <\/div>\n\t                <\/div>\n        \t\t<\/div>\n\t\t\t\t<\/div>\n\t\t\t\t<div class=\"elementor-element elementor-element-82aa54a elementor-widget elementor-widget-rs-breadcrumb\" data-id=\"82aa54a\" data-element_type=\"widget\" data-widget_type=\"rs-breadcrumb.default\">\n\t\t\t\t<div class=\"elementor-widget-container\">\n\t\t\t                    <div class=\"breadcrumb-area style2\"> \n                <div class=\"breadcrumbs-inner\"> <!-- Breadcrumb NavXT 7.0.2 -->\n<span property=\"itemListElement\" typeof=\"ListItem\"><a property=\"item\" typeof=\"WebPage\" title=\"Gehe zu AJA Azores.\" href=\"https:\/\/ajaazores.com\/de\/\" class=\"home\" ><span property=\"name\">AJA Azores<\/span><\/a><meta property=\"position\" content=\"1\"><\/span> &gt; <span property=\"itemListElement\" typeof=\"ListItem\"><a property=\"item\" typeof=\"WebPage\" title=\"Gehe zu Workshop.\" href=\"https:\/\/ajaazores.com\/de\/werkstatt-industrielle-ausruestungen\/\" class=\"post-root post post-post\" aria-current=\"page\"><span property=\"name\">Workshop<\/span><\/a><meta property=\"position\" content=\"2\"><\/span><\/div>\n            <\/div> \n          \n    \t\t<\/div>\n\t\t\t\t<\/div>\n\t\t\t\t\t<\/div>\n\t\t<\/div>\n\t\t\t\t<div class=\"elementor-column elementor-col-33 elementor-top-column elementor-element elementor-element-9b70170 elementor-hidden-mobile\" data-id=\"9b70170\" data-element_type=\"column\">\n\t\t\t<div class=\"elementor-widget-wrap\">\n\t\t\t\t\t\t\t\t\t<\/div>\n\t\t<\/div>\n\t\t\t\t\t\t\t<\/div>\n\t\t<\/section>\n\t\t\t\t<section class=\"elementor-section elementor-top-section elementor-element elementor-element-2bc1695 elementor-section-stretched elementor-section-full_width elementor-section-height-default elementor-section-height-default\" data-id=\"2bc1695\" data-element_type=\"section\" data-settings=\"{&quot;stretch_section&quot;:&quot;section-stretched&quot;,&quot;background_background&quot;:&quot;classic&quot;}\">\n\t\t\t\t\t\t<div class=\"elementor-container elementor-column-gap-default\">\n\t\t\t\t\t<div class=\"elementor-column elementor-col-100 elementor-top-column elementor-element elementor-element-7db619a\" data-id=\"7db619a\" data-element_type=\"column\">\n\t\t\t<div class=\"elementor-widget-wrap elementor-element-populated\">\n\t\t\t\t\t\t\t\t<section class=\"elementor-section elementor-inner-section elementor-element elementor-element-75cf2b8 elementor-section-full_width elementor-section-height-default elementor-section-height-default\" data-id=\"75cf2b8\" data-element_type=\"section\">\n\t\t\t\t\t\t<div class=\"elementor-container elementor-column-gap-default\">\n\t\t\t\t\t<div class=\"elementor-column elementor-col-25 elementor-inner-column elementor-element elementor-element-961b934 spacingOrcamentoLeft\" data-id=\"961b934\" data-element_type=\"column\">\n\t\t\t<div class=\"elementor-widget-wrap\">\n\t\t\t\t\t\t\t\t\t<\/div>\n\t\t<\/div>\n\t\t\t\t<div class=\"elementor-column elementor-col-25 elementor-inner-column elementor-element elementor-element-4bbf96c spacingOrcamentoCenter\" data-id=\"4bbf96c\" data-element_type=\"column\">\n\t\t\t<div class=\"elementor-widget-wrap elementor-element-populated\">\n\t\t\t\t\t\t\t\t<div class=\"elementor-element elementor-element-0991f04 elementor-widget elementor-widget-spacer\" data-id=\"0991f04\" data-element_type=\"widget\" data-widget_type=\"spacer.default\">\n\t\t\t\t<div class=\"elementor-widget-container\">\n\t\t\t<style>\/*! elementor - v3.6.5 - 27-04-2022 *\/\n.e-container.e-container--row .elementor-spacer-inner{width:var(--spacer-size)}.e-container.e-container--column .elementor-spacer-inner,.elementor-column .elementor-spacer-inner{height:var(--spacer-size)}<\/style>\t\t<div class=\"elementor-spacer\">\n\t\t\t<div class=\"elementor-spacer-inner\"><\/div>\n\t\t<\/div>\n\t\t\t\t<\/div>\n\t\t\t\t<\/div>\n\t\t\t\t<div class=\"elementor-element elementor-element-b50834c elementor-widget elementor-widget-rs-heading\" data-id=\"b50834c\" data-element_type=\"widget\" data-widget_type=\"rs-heading.default\">\n\t\t\t\t<div class=\"elementor-widget-container\">\n\t\t\t\n        <div class=\"prelements-heading style9 animate- \">\n\n\n\n        \t<div class=\"title-inner\">        \t\t      \t\t\n\t             <img src=\"https:\/\/rstheme.com\/products\/wordpress\/konstruk\/wp-content\/uploads\/2022\/03\/shape_1.png\" alt=\"icon\"><span class=\"sub-text \">Entre em contacto<\/span><h2 class=\"title\"><span class=\"watermark\"><\/span>Pedir Or\u00e7amento<\/h2>\t\t\t\t\n\t\t\t\t\t        <\/div>\n\t                <\/div>\n        \t\t<\/div>\n\t\t\t\t<\/div>\n\t\t\t\t<div class=\"elementor-element elementor-element-95e80be elementor-widget elementor-widget-rs-cf7\" data-id=\"95e80be\" data-element_type=\"widget\" data-widget_type=\"rs-cf7.default\">\n\t\t\t\t<div class=\"elementor-widget-container\">\n\t\t\t<div role=\"form\" class=\"wpcf7\" id=\"wpcf7-f17919-o1\" lang=\"de-DE\" dir=\"ltr\">\n<div class=\"screen-reader-response\"><p role=\"status\" aria-live=\"polite\" aria-atomic=\"true\"><\/p> <ul><\/ul><\/div>\n<form action=\"\/de\/wp-json\/wp\/v2\/pages\/17777#wpcf7-f17919-o1\" method=\"post\" class=\"wpcf7-form init\" novalidate=\"novalidate\" data-status=\"init\">\n<div style=\"display: none;\">\n<input type=\"hidden\" name=\"_wpcf7\" value=\"17919\" \/>\n<input type=\"hidden\" name=\"_wpcf7_version\" value=\"5.5.6.1\" \/>\n<input type=\"hidden\" name=\"_wpcf7_locale\" value=\"de_DE\" \/>\n<input type=\"hidden\" name=\"_wpcf7_unit_tag\" value=\"wpcf7-f17919-o1\" \/>\n<input type=\"hidden\" name=\"_wpcf7_container_post\" value=\"0\" \/>\n<input type=\"hidden\" name=\"_wpcf7_posted_data_hash\" value=\"\" \/>\n<input type=\"hidden\" name=\"_wpcf7_recaptcha_response\" value=\"\" \/>\n<\/div>\n<div class=\"row request-a-services\">\n<div class=\"col-lg-6 col-sm-6\"><span class=\"wpcf7-form-control-wrap your-name\"><input type=\"text\" name=\"your-name\" value=\"\" size=\"40\" class=\"wpcf7-form-control wpcf7-text wpcf7-validates-as-required\" aria-required=\"true\" aria-invalid=\"false\" placeholder=\"Name\" \/><\/span><\/div>\n<div class=\"col-lg-6 col-sm-6\"><span class=\"wpcf7-form-control-wrap your-email\"><input type=\"email\" name=\"your-email\" value=\"\" size=\"40\" class=\"wpcf7-form-control wpcf7-text wpcf7-email wpcf7-validates-as-required wpcf7-validates-as-email\" aria-required=\"true\" aria-invalid=\"false\" placeholder=\"E-Mail\" \/><\/span><\/div>\n<div class=\"col-lg-6 col-sm-6\"><span class=\"wpcf7-form-control-wrap your-phone\"><input type=\"text\" name=\"your-phone\" value=\"\" size=\"40\" class=\"wpcf7-form-control wpcf7-text wpcf7-validates-as-required\" aria-required=\"true\" aria-invalid=\"false\" placeholder=\"Mobiltelefon\" \/><\/span><\/div>\n<div class=\"col-sm-6\"><span class=\"wpcf7-form-control-wrap orcamento\"><select name=\"orcamento\" class=\"wpcf7-form-control wpcf7-select wpcf7-validates-as-required\" aria-required=\"true\" aria-invalid=\"false\"><option value=\"Bauwesen\">Bauwesen<\/option><option value=\"Vermietung\">Vermietung<\/option><\/select><\/span><\/div>\n<div class=\"col-lg-12 col-sm-12\"><span class=\"wpcf7-form-control-wrap textarea-678\"><textarea name=\"textarea-678\" cols=\"40\" rows=\"10\" class=\"wpcf7-form-control wpcf7-textarea wpcf7-validates-as-required\" aria-required=\"true\" aria-invalid=\"false\" placeholder=\"Nachricht...\"><\/textarea><\/span><\/div>\n<p><span class=\"wpcf7-form-control-wrap acceptance-238\"><span class=\"wpcf7-form-control wpcf7-acceptance\"><span class=\"wpcf7-list-item\"><label><input type=\"checkbox\" name=\"acceptance-238\" value=\"1\" aria-invalid=\"false\" \/><span class=\"wpcf7-list-item-label\">Ich habe gelesen und akzeptiere die <a target=\"_blank\" href=\"http:\/\/ajaazores.com\/de\/bedingungen-und-konditionen\/\">Bedingungen und Konditionen<\/a> und die <a target=\"_blank\" href=\"http:\/\/ajaazores.com\/de\/datenschutzbestimmungen\/\">Datenschutzbestimmungen<\/a>.<\/span><\/label><\/span><\/span><\/span><\/p>\n<div class=\"form-button col-lg-6 col-sm-6\">\n  <input type=\"submit\" value=\"BESTELLUNG\" class=\"wpcf7-form-control has-spinner wpcf7-submit\" \/>\n<\/div>\n<\/div>\n<div class=\"wpcf7-response-output\" aria-hidden=\"true\"><\/div><\/form><\/div>\t\t<\/div>\n\t\t\t\t<\/div>\n\t\t\t\t\t<\/div>\n\t\t<\/div>\n\t\t\t\t<div class=\"elementor-column elementor-col-25 elementor-inner-column elementor-element elementor-element-5192882 spacingOrcamentoRight\" data-id=\"5192882\" data-element_type=\"column\">\n\t\t\t<div class=\"elementor-widget-wrap\">\n\t\t\t\t\t\t\t\t\t<\/div>\n\t\t<\/div>\n\t\t\t\t<div class=\"elementor-column elementor-col-25 elementor-inner-column elementor-element elementor-element-e701051 spacingOrcamentoImg\" data-id=\"e701051\" data-element_type=\"column\">\n\t\t\t<div class=\"elementor-widget-wrap elementor-element-populated\">\n\t\t\t\t\t\t\t\t<div class=\"elementor-element elementor-element-ec8540b elementor-widget elementor-widget-image\" data-id=\"ec8540b\" data-element_type=\"widget\" data-widget_type=\"image.default\">\n\t\t\t\t<div class=\"elementor-widget-container\">\n\t\t\t<style>\/*! elementor - v3.6.5 - 27-04-2022 *\/\n.elementor-widget-image{text-align:center}.elementor-widget-image a{display:inline-block}.elementor-widget-image a img[src$=\".svg\"]{width:48px}.elementor-widget-image img{vertical-align:middle;display:inline-block}<\/style>\t\t\t\t\t\t\t\t\t\t\t\t<img width=\"640\" height=\"762\" src=\"https:\/\/ajaazores.com\/wp-content\/uploads\/2022\/03\/contact_right_image.png\" class=\"attachment-large size-large\" alt=\"\" loading=\"lazy\" srcset=\"https:\/\/ajaazores.com\/wp-content\/uploads\/2022\/03\/contact_right_image.png 645w, https:\/\/ajaazores.com\/wp-content\/uploads\/2022\/03\/contact_right_image-600x714.png 600w, https:\/\/ajaazores.com\/wp-content\/uploads\/2022\/03\/contact_right_image-252x300.png 252w\" sizes=\"(max-width: 640px) 100vw, 640px\" \/>\t\t\t\t\t\t\t\t\t\t\t\t\t\t\t<\/div>\n\t\t\t\t<\/div>\n\t\t\t\t\t<\/div>\n\t\t<\/div>\n\t\t\t\t\t\t\t<\/div>\n\t\t<\/section>\n\t\t\t\t\t<\/div>\n\t\t<\/div>\n\t\t\t\t\t\t\t<\/div>\n\t\t<\/section>\n\t\t\t\t\t\t\t<\/div>\n\t\t","protected":false},"excerpt":{"rendered":"<p>Or\u00e7amentos Excepteur sint occaecat cupidatat non proident, sunt in coulpa qui official modeserunt mollit anim id est 20 years experience. AJA Azores&gt; Blog Entre em contacto Pedir Or\u00e7amento Servi\u00e7osPintura de Constru\u00e7\u00e3o CivilLacagensEnvernizamentoCarpintariasGessos CartonadosRemodela\u00e7\u00f5es &amp; Reabilita\u00e7\u00e3oRevestimentos &amp; PavimentosTrabalho em altura Com Acesso de CordasImpermeabiliza\u00e7\u00f5esSerralhariaAluguer de EquipamentosOficina de M\u00e1quinas Li e aceito os Termos e Condi\u00e7\u00f5es e&#8230;<\/p>\n","protected":false},"author":1,"featured_media":17496,"parent":0,"menu_order":0,"comment_status":"closed","ping_status":"closed","template":"orcament-template.php","meta":[],"acf":[],"yoast_head":"<!-- This site is optimized with the Yoast SEO plugin v19.1 - https:\/\/yoast.com\/wordpress\/plugins\/seo\/ -->\n<title>Empresas de Constru\u00e7\u00e3o Civil A\u00e7ores | Pe\u00e7a-nos um Or\u00e7amento!<\/title>\n<meta name=\"description\" content=\"A AJA Azores \u00e9 uma das empresas de constru\u00e7\u00e3o civil dos A\u00e7ores. Pe\u00e7a-nos um or\u00e7amento e descubra tudo o que podemos fazer por si!\" \/>\n<meta name=\"robots\" content=\"index, follow, max-snippet:-1, max-image-preview:large, max-video-preview:-1\" \/>\n<link rel=\"canonical\" href=\"https:\/\/ajaazores.com\/de\/budgets\/\" \/>\n<meta property=\"og:locale\" content=\"de_DE\" \/>\n<meta property=\"og:type\" content=\"article\" \/>\n<meta property=\"og:title\" content=\"Empresas de Constru\u00e7\u00e3o Civil A\u00e7ores | Pe\u00e7a-nos um Or\u00e7amento!\" \/>\n<meta property=\"og:description\" content=\"A AJA Azores \u00e9 uma das empresas de constru\u00e7\u00e3o civil dos A\u00e7ores. Pe\u00e7a-nos um or\u00e7amento e descubra tudo o que podemos fazer por si!\" \/>\n<meta property=\"og:url\" content=\"https:\/\/ajaazores.com\/de\/budgets\/\" \/>\n<meta property=\"og:site_name\" content=\"AJA Azores\" \/>\n<meta property=\"article:modified_time\" content=\"2023-03-20T15:48:40+00:00\" \/>\n<meta property=\"og:image\" content=\"https:\/\/ajaazores.com\/wp-content\/uploads\/2022\/07\/dji-0522-scaled.jpg\" \/>\n\t<meta property=\"og:image:width\" content=\"2560\" \/>\n\t<meta property=\"og:image:height\" content=\"1705\" \/>\n\t<meta property=\"og:image:type\" content=\"image\/jpeg\" \/>\n<meta name=\"twitter:card\" content=\"summary_large_image\" \/>\n<script type=\"application\/ld+json\" class=\"yoast-schema-graph\">{\"@context\":\"https:\/\/schema.org\",\"@graph\":[{\"@type\":\"WebSite\",\"@id\":\"https:\/\/ajaazores.com\/#website\",\"url\":\"https:\/\/ajaazores.com\/\",\"name\":\"AJA Azores\",\"description\":\"Mais um site WordPress\",\"potentialAction\":[{\"@type\":\"SearchAction\",\"target\":{\"@type\":\"EntryPoint\",\"urlTemplate\":\"https:\/\/ajaazores.com\/?s={search_term_string}\"},\"query-input\":\"required name=search_term_string\"}],\"inLanguage\":\"de-DE\"},{\"@type\":\"ImageObject\",\"inLanguage\":\"de-DE\",\"@id\":\"https:\/\/ajaazores.com\/de\/budgets\/#primaryimage\",\"url\":\"https:\/\/ajaazores.com\/wp-content\/uploads\/2022\/07\/dji-0522-scaled.jpg\",\"contentUrl\":\"https:\/\/ajaazores.com\/wp-content\/uploads\/2022\/07\/dji-0522-scaled.jpg\",\"width\":2560,\"height\":1705},{\"@type\":\"WebPage\",\"@id\":\"https:\/\/ajaazores.com\/de\/budgets\/#webpage\",\"url\":\"https:\/\/ajaazores.com\/de\/budgets\/\",\"name\":\"Empresas de Constru\u00e7\u00e3o Civil A\u00e7ores | Pe\u00e7a-nos um Or\u00e7amento!\",\"isPartOf\":{\"@id\":\"https:\/\/ajaazores.com\/#website\"},\"primaryImageOfPage\":{\"@id\":\"https:\/\/ajaazores.com\/de\/budgets\/#primaryimage\"},\"datePublished\":\"2022-03-28T12:01:27+00:00\",\"dateModified\":\"2023-03-20T15:48:40+00:00\",\"description\":\"A AJA Azores \u00e9 uma das empresas de constru\u00e7\u00e3o civil dos A\u00e7ores. Pe\u00e7a-nos um or\u00e7amento e descubra tudo o que podemos fazer por si!\",\"breadcrumb\":{\"@id\":\"https:\/\/ajaazores.com\/de\/budgets\/#breadcrumb\"},\"inLanguage\":\"de-DE\",\"potentialAction\":[{\"@type\":\"ReadAction\",\"target\":[\"https:\/\/ajaazores.com\/de\/budgets\/\"]}]},{\"@type\":\"BreadcrumbList\",\"@id\":\"https:\/\/ajaazores.com\/de\/budgets\/#breadcrumb\",\"itemListElement\":[{\"@type\":\"ListItem\",\"position\":1,\"name\":\"Home\",\"item\":\"https:\/\/ajaazores.com\/de\/\"},{\"@type\":\"ListItem\",\"position\":2,\"name\":\"Budgets\"}]}]}<\/script>\n<!-- \/ Yoast SEO plugin. -->","yoast_head_json":{"title":"Empresas de Constru\u00e7\u00e3o Civil A\u00e7ores | Pe\u00e7a-nos um Or\u00e7amento!","description":"A AJA Azores \u00e9 uma das empresas de constru\u00e7\u00e3o civil dos A\u00e7ores. Pe\u00e7a-nos um or\u00e7amento e descubra tudo o que podemos fazer por si!","robots":{"index":"index","follow":"follow","max-snippet":"max-snippet:-1","max-image-preview":"max-image-preview:large","max-video-preview":"max-video-preview:-1"},"canonical":"https:\/\/ajaazores.com\/de\/budgets\/","og_locale":"de_DE","og_type":"article","og_title":"Empresas de Constru\u00e7\u00e3o Civil A\u00e7ores | Pe\u00e7a-nos um Or\u00e7amento!","og_description":"A AJA Azores \u00e9 uma das empresas de constru\u00e7\u00e3o civil dos A\u00e7ores. Pe\u00e7a-nos um or\u00e7amento e descubra tudo o que podemos fazer por si!","og_url":"https:\/\/ajaazores.com\/de\/budgets\/","og_site_name":"AJA Azores","article_modified_time":"2023-03-20T15:48:40+00:00","og_image":[{"width":2560,"height":1705,"url":"https:\/\/ajaazores.com\/wp-content\/uploads\/2022\/07\/dji-0522-scaled.jpg","type":"image\/jpeg"}],"twitter_card":"summary_large_image","schema":{"@context":"https:\/\/schema.org","@graph":[{"@type":"WebSite","@id":"https:\/\/ajaazores.com\/#website","url":"https:\/\/ajaazores.com\/","name":"AJA Azores","description":"Mais um site WordPress","potentialAction":[{"@type":"SearchAction","target":{"@type":"EntryPoint","urlTemplate":"https:\/\/ajaazores.com\/?s={search_term_string}"},"query-input":"required name=search_term_string"}],"inLanguage":"de-DE"},{"@type":"ImageObject","inLanguage":"de-DE","@id":"https:\/\/ajaazores.com\/de\/budgets\/#primaryimage","url":"https:\/\/ajaazores.com\/wp-content\/uploads\/2022\/07\/dji-0522-scaled.jpg","contentUrl":"https:\/\/ajaazores.com\/wp-content\/uploads\/2022\/07\/dji-0522-scaled.jpg","width":2560,"height":1705},{"@type":"WebPage","@id":"https:\/\/ajaazores.com\/de\/budgets\/#webpage","url":"https:\/\/ajaazores.com\/de\/budgets\/","name":"Empresas de Constru\u00e7\u00e3o Civil A\u00e7ores | Pe\u00e7a-nos um Or\u00e7amento!","isPartOf":{"@id":"https:\/\/ajaazores.com\/#website"},"primaryImageOfPage":{"@id":"https:\/\/ajaazores.com\/de\/budgets\/#primaryimage"},"datePublished":"2022-03-28T12:01:27+00:00","dateModified":"2023-03-20T15:48:40+00:00","description":"A AJA Azores \u00e9 uma das empresas de constru\u00e7\u00e3o civil dos A\u00e7ores. Pe\u00e7a-nos um or\u00e7amento e descubra tudo o que podemos fazer por si!","breadcrumb":{"@id":"https:\/\/ajaazores.com\/de\/budgets\/#breadcrumb"},"inLanguage":"de-DE","potentialAction":[{"@type":"ReadAction","target":["https:\/\/ajaazores.com\/de\/budgets\/"]}]},{"@type":"BreadcrumbList","@id":"https:\/\/ajaazores.com\/de\/budgets\/#breadcrumb","itemListElement":[{"@type":"ListItem","position":1,"name":"Home","item":"https:\/\/ajaazores.com\/de\/"},{"@type":"ListItem","position":2,"name":"Budgets"}]}]}},"_links":{"self":[{"href":"https:\/\/ajaazores.com\/de\/wp-json\/wp\/v2\/pages\/17777"}],"collection":[{"href":"https:\/\/ajaazores.com\/de\/wp-json\/wp\/v2\/pages"}],"about":[{"href":"https:\/\/ajaazores.com\/de\/wp-json\/wp\/v2\/types\/page"}],"author":[{"embeddable":true,"href":"https:\/\/ajaazores.com\/de\/wp-json\/wp\/v2\/users\/1"}],"replies":[{"embeddable":true,"href":"https:\/\/ajaazores.com\/de\/wp-json\/wp\/v2\/comments?post=17777"}],"version-history":[{"count":2,"href":"https:\/\/ajaazores.com\/de\/wp-json\/wp\/v2\/pages\/17777\/revisions"}],"predecessor-version":[{"id":18008,"href":"https:\/\/ajaazores.com\/de\/wp-json\/wp\/v2\/pages\/17777\/revisions\/18008"}],"wp:featuredmedia":[{"embeddable":true,"href":"https:\/\/ajaazores.com\/de\/wp-json\/wp\/v2\/media\/17496"}],"wp:attachment":[{"href":"https:\/\/ajaazores.com\/de\/wp-json\/wp\/v2\/media?parent=17777"}],"curies":[{"name":"wp","href":"https:\/\/api.w.org\/{rel}","templated":true}]}}